{"id":2510,"date":"2023-07-26T17:53:51","date_gmt":"2023-07-26T17:53:51","guid":{"rendered":"https:\/\/grupoitaka.com\/?page_id=2510"},"modified":"2023-07-27T18:23:36","modified_gmt":"2023-07-27T18:23:36","slug":"recomendaciones-venecia","status":"publish","type":"page","link":"https:\/\/grupoitaka.com\/en\/recomendaciones-venecia\/","title":{"rendered":"Recomendaciones Venecia"},"content":{"rendered":"<div data-elementor-type=\"wp-page\" data-elementor-id=\"2510\" class=\"elementor elementor-2510\" data-elementor-post-type=\"page\">\n\t\t\t\t<div class=\"elementor-element elementor-element-11d5d81b e-con-full e-flex e-con e-parent\" data-id=\"11d5d81b\" data-element_type=\"container\" data-e-type=\"container\" data-settings=\"{&quot;background_background&quot;:&quot;classic&quot;}\">\n\t\t<div class=\"elementor-element elementor-element-ba793dd e-flex e-con-boxed e-con e-parent\" data-id=\"ba793dd\" data-element_type=\"container\" data-e-type=\"container\" data-settings=\"{&quot;background_background&quot;:&quot;classic&quot;}\">\n\t\t\t\t\t<div class=\"e-con-inner\">\n\t\t\t\t<div class=\"elementor-element elementor-element-a01015f elementor-widget elementor-widget-image\" data-id=\"a01015f\" data-element_type=\"widget\" data-e-type=\"widget\" data-widget_type=\"image.default\">\n\t\t\t\t<div class=\"elementor-widget-container\">\n\t\t\t\t\t\t\t\t\t\t\t\t\t\t\t<img decoding=\"async\" width=\"250\" height=\"86\" src=\"https:\/\/grupoitaka.com\/wp-content\/uploads\/2023\/06\/Logo-grande-blanco.svg\" class=\"attachment-full size-full wp-image-81\" alt=\"\" \/>\t\t\t\t\t\t\t\t\t\t\t\t\t\t\t<\/div>\n\t\t\t\t<\/div>\n\t\t\t\t\t<\/div>\n\t\t\t\t<\/div>\n\t\t\t\t<\/div>\n\t\t<div class=\"elementor-element elementor-element-4f4ac57 e-flex e-con-boxed e-con e-parent\" data-id=\"4f4ac57\" data-element_type=\"container\" data-e-type=\"container\">\n\t\t\t\t\t<div class=\"e-con-inner\">\n\t\t<div class=\"elementor-element elementor-element-2ec21c53 e-flex e-con-boxed e-con e-parent\" data-id=\"2ec21c53\" data-element_type=\"container\" data-e-type=\"container\">\n\t\t\t\t\t<div class=\"e-con-inner\">\n\t\t\t\t<div class=\"elementor-element elementor-element-2ed9a85b elementor-view-default elementor-widget elementor-widget-icon\" data-id=\"2ed9a85b\" data-element_type=\"widget\" data-e-type=\"widget\" data-widget_type=\"icon.default\">\n\t\t\t\t<div class=\"elementor-widget-container\">\n\t\t\t\t\t\t\t<div class=\"elementor-icon-wrapper\">\n\t\t\t<a class=\"elementor-icon\" href=\"https:\/\/grupoitaka.com\/en\/venecia\/\">\n\t\t\t<i aria-hidden=\"true\" class=\"fas fa-arrow-left\"><\/i>\t\t\t<\/a>\n\t\t<\/div>\n\t\t\t\t\t\t<\/div>\n\t\t\t\t<\/div>\n\t\t\t\t<div class=\"elementor-element elementor-element-366f062a elementor-widget elementor-widget-heading\" data-id=\"366f062a\" data-element_type=\"widget\" data-e-type=\"widget\" data-widget_type=\"heading.default\">\n\t\t\t\t<div class=\"elementor-widget-container\">\n\t\t\t\t\t<h2 class=\"elementor-heading-title elementor-size-default\"><a href=\"https:\/\/grupoitaka.com\/en\/\">Home<\/a><\/h2>\t\t\t\t<\/div>\n\t\t\t\t<\/div>\n\t\t\t\t\t<\/div>\n\t\t\t\t<\/div>\n\t\t\t\t<div class=\"elementor-element elementor-element-7ff96898 elementor-widget elementor-widget-heading\" data-id=\"7ff96898\" data-element_type=\"widget\" data-e-type=\"widget\" data-widget_type=\"heading.default\">\n\t\t\t\t<div class=\"elementor-widget-container\">\n\t\t\t\t\t<h2 class=\"elementor-heading-title elementor-size-default\">RECOMMENDATIONS \nVENICE<\/h2>\t\t\t\t<\/div>\n\t\t\t\t<\/div>\n\t\t\t\t<div class=\"elementor-element elementor-element-b91932c elementor-widget elementor-widget-accordion\" data-id=\"b91932c\" data-element_type=\"widget\" data-e-type=\"widget\" data-widget_type=\"accordion.default\">\n\t\t\t\t<div class=\"elementor-widget-container\">\n\t\t\t\t\t\t\t<div class=\"elementor-accordion\">\n\t\t\t\t\t\t\t<div class=\"elementor-accordion-item\">\n\t\t\t\t\t<div id=\"elementor-tab-title-1941\" class=\"elementor-tab-title\" data-tab=\"1\" role=\"button\" aria-controls=\"elementor-tab-content-1941\" aria-expanded=\"false\">\n\t\t\t\t\t\t\t\t\t\t\t\t\t<span class=\"elementor-accordion-icon elementor-accordion-icon-left\" aria-hidden=\"true\">\n\t\t\t\t\t\t\t\t\t\t\t\t\t\t\t<span class=\"elementor-accordion-icon-closed\"><i class=\"fas fa-plus\"><\/i><\/span>\n\t\t\t\t\t\t\t\t<span class=\"elementor-accordion-icon-opened\"><i class=\"fas fa-minus\"><\/i><\/span>\n\t\t\t\t\t\t\t\t\t\t\t\t\t\t<\/span>\n\t\t\t\t\t\t\t\t\t\t\t\t<a class=\"elementor-accordion-title\" tabindex=\"0\">Telephones of Interest<\/a>\n\t\t\t\t\t<\/div>\n\t\t\t\t\t<div id=\"elementor-tab-content-1941\" class=\"elementor-tab-content elementor-clearfix\" data-tab=\"1\" role=\"region\" aria-labelledby=\"elementor-tab-title-1941\"><ul><li>HELLO<\/li><\/ul><p><img fetchpriority=\"high\" decoding=\"async\" class=\"alignnone size-medium wp-image-2587\" src=\"https:\/\/grupoitaka.com\/wp-content\/uploads\/2023\/07\/IMG-0035-300x290.jpg\" alt=\"\" width=\"300\" height=\"290\" srcset=\"https:\/\/grupoitaka.com\/wp-content\/uploads\/2023\/07\/IMG-0035-300x290.jpg 300w, https:\/\/grupoitaka.com\/wp-content\/uploads\/2023\/07\/IMG-0035-1024x990.jpg 1024w, https:\/\/grupoitaka.com\/wp-content\/uploads\/2023\/07\/IMG-0035-768x743.jpg 768w, https:\/\/grupoitaka.com\/wp-content\/uploads\/2023\/07\/IMG-0035.jpg 1242w\" sizes=\"(max-width: 300px) 100vw, 300px\" \/><\/p><ul><li>HOL<\/li><\/ul><\/div>\n\t\t\t\t<\/div>\n\t\t\t\t\t\t\t<div class=\"elementor-accordion-item\">\n\t\t\t\t\t<div id=\"elementor-tab-title-1942\" class=\"elementor-tab-title\" data-tab=\"2\" role=\"button\" aria-controls=\"elementor-tab-content-1942\" aria-expanded=\"false\">\n\t\t\t\t\t\t\t\t\t\t\t\t\t<span class=\"elementor-accordion-icon elementor-accordion-icon-left\" aria-hidden=\"true\">\n\t\t\t\t\t\t\t\t\t\t\t\t\t\t\t<span class=\"elementor-accordion-icon-closed\"><i class=\"fas fa-plus\"><\/i><\/span>\n\t\t\t\t\t\t\t\t<span class=\"elementor-accordion-icon-opened\"><i class=\"fas fa-minus\"><\/i><\/span>\n\t\t\t\t\t\t\t\t\t\t\t\t\t\t<\/span>\n\t\t\t\t\t\t\t\t\t\t\t\t<a class=\"elementor-accordion-title\" tabindex=\"0\">Gastronomic Recommendations<\/a>\n\t\t\t\t\t<\/div>\n\t\t\t\t\t<div id=\"elementor-tab-content-1942\" class=\"elementor-tab-content elementor-clearfix\" data-tab=\"2\" role=\"region\" aria-labelledby=\"elementor-tab-title-1942\"><p>Lorem ipsum dolor sit amet consectetur adipiscing elit porta, augue posuere interdum suspendisse optimise sodales imperdiet, iaculis taciti ligula pretium justo at, pulvinar. Massa iaculis rhoncus ut aliquam morbi senectus venenatis porta pretium, elementum netus feugiat tempus montes tincidunt turpis hendrerit, facilisis fermentum ridiculus sem himenaeos quis metus. Habitasse sociosqu venenatis nisl rutrum justo admin leo magnis, bibendum class sagittis porta vulputate nibh mi cras, erat ligula ut mauris aptent ridiculus scelerisque, in primis imperdiet orci nisi pretium fermentum.<\/p><\/div>\n\t\t\t\t<\/div>\n\t\t\t\t\t\t\t<div class=\"elementor-accordion-item\">\n\t\t\t\t\t<div id=\"elementor-tab-title-1943\" class=\"elementor-tab-title\" data-tab=\"3\" role=\"button\" aria-controls=\"elementor-tab-content-1943\" aria-expanded=\"false\">\n\t\t\t\t\t\t\t\t\t\t\t\t\t<span class=\"elementor-accordion-icon elementor-accordion-icon-left\" aria-hidden=\"true\">\n\t\t\t\t\t\t\t\t\t\t\t\t\t\t\t<span class=\"elementor-accordion-icon-closed\"><i class=\"fas fa-plus\"><\/i><\/span>\n\t\t\t\t\t\t\t\t<span class=\"elementor-accordion-icon-opened\"><i class=\"fas fa-minus\"><\/i><\/span>\n\t\t\t\t\t\t\t\t\t\t\t\t\t\t<\/span>\n\t\t\t\t\t\t\t\t\t\t\t\t<a class=\"elementor-accordion-title\" tabindex=\"0\">Places and times that are most important<\/a>\n\t\t\t\t\t<\/div>\n\t\t\t\t\t<div id=\"elementor-tab-content-1943\" class=\"elementor-tab-content elementor-clearfix\" data-tab=\"3\" role=\"region\" aria-labelledby=\"elementor-tab-title-1943\"><p>Lorem ipsum dolor sit amet consectetur adipiscing elit porta, augue posuere interdum suspendisse optimise sodales imperdiet, iaculis taciti ligula pretium justo at, pulvinar. Massa iaculis rhoncus ut aliquam morbi senectus venenatis porta pretium, elementum netus feugiat tempus montes tincidunt turpis hendrerit, facilisis fermentum ridiculus sem himenaeos quis metus. Habitasse sociosqu venenatis nisl rutrum justo admin leo magnis, bibendum class sagittis porta vulputate nibh mi cras, erat ligula ut mauris aptent ridiculus scelerisque, in primis imperdiet orci nisi pretium fermentum.<\/p><\/div>\n\t\t\t\t<\/div>\n\t\t\t\t\t\t\t<div class=\"elementor-accordion-item\">\n\t\t\t\t\t<div id=\"elementor-tab-title-1944\" class=\"elementor-tab-title\" data-tab=\"4\" role=\"button\" aria-controls=\"elementor-tab-content-1944\" aria-expanded=\"false\">\n\t\t\t\t\t\t\t\t\t\t\t\t\t<span class=\"elementor-accordion-icon elementor-accordion-icon-left\" aria-hidden=\"true\">\n\t\t\t\t\t\t\t\t\t\t\t\t\t\t\t<span class=\"elementor-accordion-icon-closed\"><i class=\"fas fa-plus\"><\/i><\/span>\n\t\t\t\t\t\t\t\t<span class=\"elementor-accordion-icon-opened\"><i class=\"fas fa-minus\"><\/i><\/span>\n\t\t\t\t\t\t\t\t\t\t\t\t\t\t<\/span>\n\t\t\t\t\t\t\t\t\t\t\t\t<a class=\"elementor-accordion-title\" tabindex=\"0\">Holidays and Events highlights<\/a>\n\t\t\t\t\t<\/div>\n\t\t\t\t\t<div id=\"elementor-tab-content-1944\" class=\"elementor-tab-content elementor-clearfix\" data-tab=\"4\" role=\"region\" aria-labelledby=\"elementor-tab-title-1944\"><p>Lorem ipsum dolor sit amet consectetur adipiscing elit porta, augue posuere interdum suspendisse optimise sodales imperdiet, iaculis taciti ligula pretium justo at, pulvinar. Massa iaculis rhoncus ut aliquam morbi senectus venenatis porta pretium, elementum netus feugiat tempus montes tincidunt turpis hendrerit, facilisis fermentum ridiculus sem himenaeos quis metus. Habitasse sociosqu venenatis nisl rutrum justo admin leo magnis, bibendum class sagittis porta vulputate nibh mi cras, erat ligula ut mauris aptent ridiculus scelerisque, in primis imperdiet orci nisi pretium fermentum.<\/p><\/div>\n\t\t\t\t<\/div>\n\t\t\t\t\t\t\t\t<\/div>\n\t\t\t\t\t\t<\/div>\n\t\t\t\t<\/div>\n\t\t\t\t\t<\/div>\n\t\t\t\t<\/div>\n\t\t\t\t<\/div>","protected":false},"excerpt":{"rendered":"<p>Home RECOMENDACIONES VENECIA Tel\u00e9fonos de Inter\u00e9s HOLA HOL Recomendaciones Gastron\u00f3micas Lorem ipsum dolor sit amet consectetur adipiscing elit porta, augue posuere interdum suspendisse pellentesque sodales imperdiet, iaculis taciti ligula pretium justo at pulvinar. Massa iaculis rhoncus aliquam morbi senectus venenatis porta pretium, elementum netus feugiat tempus montes tincidunt turpis hendrerit, facilisis fermentum ridiculus sem himenaeos [&hellip;]<\/p>\n","protected":false},"author":1,"featured_media":0,"parent":0,"menu_order":0,"comment_status":"closed","ping_status":"closed","template":"elementor_header_footer","meta":{"footnotes":""},"class_list":["post-2510","page","type-page","status-publish","hentry"],"_links":{"self":[{"href":"https:\/\/grupoitaka.com\/en\/wp-json\/wp\/v2\/pages\/2510","targetHints":{"allow":["GET"]}}],"collection":[{"href":"https:\/\/grupoitaka.com\/en\/wp-json\/wp\/v2\/pages"}],"about":[{"href":"https:\/\/grupoitaka.com\/en\/wp-json\/wp\/v2\/types\/page"}],"author":[{"embeddable":true,"href":"https:\/\/grupoitaka.com\/en\/wp-json\/wp\/v2\/users\/1"}],"replies":[{"embeddable":true,"href":"https:\/\/grupoitaka.com\/en\/wp-json\/wp\/v2\/comments?post=2510"}],"version-history":[{"count":105,"href":"https:\/\/grupoitaka.com\/en\/wp-json\/wp\/v2\/pages\/2510\/revisions"}],"predecessor-version":[{"id":2687,"href":"https:\/\/grupoitaka.com\/en\/wp-json\/wp\/v2\/pages\/2510\/revisions\/2687"}],"wp:attachment":[{"href":"https:\/\/grupoitaka.com\/en\/wp-json\/wp\/v2\/media?parent=2510"}],"curies":[{"name":"wp","href":"https:\/\/api.w.org\/{rel}","templated":true}]}}