{"id":2647,"date":"2023-07-27T17:55:51","date_gmt":"2023-07-27T17:55:51","guid":{"rendered":"https:\/\/grupoitaka.com\/?page_id=2647"},"modified":"2023-07-28T16:14:31","modified_gmt":"2023-07-28T16:14:31","slug":"recomendaciones-madrid","status":"publish","type":"page","link":"https:\/\/grupoitaka.com\/en\/recomendaciones-madrid\/","title":{"rendered":"Recomendaciones Madrid"},"content":{"rendered":"<div data-elementor-type=\"wp-page\" data-elementor-id=\"2647\" class=\"elementor elementor-2647\" data-elementor-post-type=\"page\">\n\t\t\t\t<div class=\"elementor-element elementor-element-11d5d81b e-con-full e-flex e-con e-parent\" data-id=\"11d5d81b\" data-element_type=\"container\" data-e-type=\"container\" data-settings=\"{&quot;background_background&quot;:&quot;classic&quot;}\">\n\t\t<div class=\"elementor-element elementor-element-d015f44 e-flex e-con-boxed e-con e-parent\" data-id=\"d015f44\" data-element_type=\"container\" data-e-type=\"container\" data-settings=\"{&quot;background_background&quot;:&quot;classic&quot;}\">\n\t\t\t\t\t<div class=\"e-con-inner\">\n\t\t\t\t<div class=\"elementor-element elementor-element-c067568 elementor-widget elementor-widget-image\" data-id=\"c067568\" data-element_type=\"widget\" data-e-type=\"widget\" data-widget_type=\"image.default\">\n\t\t\t\t<div class=\"elementor-widget-container\">\n\t\t\t\t\t\t\t\t\t\t\t\t\t\t\t<img decoding=\"async\" width=\"250\" height=\"86\" src=\"https:\/\/grupoitaka.com\/wp-content\/uploads\/2023\/06\/Logo-grande-blanco.svg\" class=\"attachment-full size-full wp-image-81\" alt=\"\" \/>\t\t\t\t\t\t\t\t\t\t\t\t\t\t\t<\/div>\n\t\t\t\t<\/div>\n\t\t\t\t\t<\/div>\n\t\t\t\t<\/div>\n\t\t\t\t<\/div>\n\t\t<div class=\"elementor-element elementor-element-4f4ac57 e-flex e-con-boxed e-con e-parent\" data-id=\"4f4ac57\" data-element_type=\"container\" data-e-type=\"container\">\n\t\t\t\t\t<div class=\"e-con-inner\">\n\t\t<div class=\"elementor-element elementor-element-2ec21c53 e-flex e-con-boxed e-con e-parent\" data-id=\"2ec21c53\" data-element_type=\"container\" data-e-type=\"container\">\n\t\t\t\t\t<div class=\"e-con-inner\">\n\t\t\t\t<div class=\"elementor-element elementor-element-2ed9a85b elementor-view-default elementor-widget elementor-widget-icon\" data-id=\"2ed9a85b\" data-element_type=\"widget\" data-e-type=\"widget\" data-widget_type=\"icon.default\">\n\t\t\t\t<div class=\"elementor-widget-container\">\n\t\t\t\t\t\t\t<div class=\"elementor-icon-wrapper\">\n\t\t\t<a class=\"elementor-icon\" href=\"https:\/\/grupoitaka.com\/en\/venecia\/\">\n\t\t\t<i aria-hidden=\"true\" class=\"fas fa-arrow-left\"><\/i>\t\t\t<\/a>\n\t\t<\/div>\n\t\t\t\t\t\t<\/div>\n\t\t\t\t<\/div>\n\t\t\t\t<div class=\"elementor-element elementor-element-366f062a elementor-widget elementor-widget-heading\" data-id=\"366f062a\" data-element_type=\"widget\" data-e-type=\"widget\" data-widget_type=\"heading.default\">\n\t\t\t\t<div class=\"elementor-widget-container\">\n\t\t\t\t\t<h2 class=\"elementor-heading-title elementor-size-default\"><a href=\"https:\/\/grupoitaka.com\/en\/\">Home<\/a><\/h2>\t\t\t\t<\/div>\n\t\t\t\t<\/div>\n\t\t\t\t\t<\/div>\n\t\t\t\t<\/div>\n\t\t\t\t<div class=\"elementor-element elementor-element-7ff96898 elementor-widget elementor-widget-heading\" data-id=\"7ff96898\" data-element_type=\"widget\" data-e-type=\"widget\" data-widget_type=\"heading.default\">\n\t\t\t\t<div class=\"elementor-widget-container\">\n\t\t\t\t\t<h2 class=\"elementor-heading-title elementor-size-default\">RECOMMENDATIONS MADRID<\/h2>\t\t\t\t<\/div>\n\t\t\t\t<\/div>\n\t\t\t\t<div class=\"elementor-element elementor-element-b91932c elementor-widget elementor-widget-accordion\" data-id=\"b91932c\" data-element_type=\"widget\" data-e-type=\"widget\" data-widget_type=\"accordion.default\">\n\t\t\t\t<div class=\"elementor-widget-container\">\n\t\t\t\t\t\t\t<div class=\"elementor-accordion\">\n\t\t\t\t\t\t\t<div class=\"elementor-accordion-item\">\n\t\t\t\t\t<div id=\"elementor-tab-title-1941\" class=\"elementor-tab-title\" data-tab=\"1\" role=\"button\" aria-controls=\"elementor-tab-content-1941\" aria-expanded=\"false\">\n\t\t\t\t\t\t\t\t\t\t\t\t\t<span class=\"elementor-accordion-icon elementor-accordion-icon-left\" aria-hidden=\"true\">\n\t\t\t\t\t\t\t\t\t\t\t\t\t\t\t<span class=\"elementor-accordion-icon-closed\"><i class=\"fas fa-plus\"><\/i><\/span>\n\t\t\t\t\t\t\t\t<span class=\"elementor-accordion-icon-opened\"><i class=\"fas fa-minus\"><\/i><\/span>\n\t\t\t\t\t\t\t\t\t\t\t\t\t\t<\/span>\n\t\t\t\t\t\t\t\t\t\t\t\t<a class=\"elementor-accordion-title\" tabindex=\"0\">Telephones of Interest<\/a>\n\t\t\t\t\t<\/div>\n\t\t\t\t\t<div id=\"elementor-tab-content-1941\" class=\"elementor-tab-content elementor-clearfix\" data-tab=\"1\" role=\"region\" aria-labelledby=\"elementor-tab-title-1941\"><p>Write here\u00a0<\/p><p>You can use lists<\/p><ul><li>Pruaba 1<\/li><li>Pruaba 2<\/li><\/ul><p>You can use<strong> bold,<\/strong><em> italic<\/em> or <span style=\"text-decoration: underline;\">underline<\/span>\u00a0<\/p><p>You can put images<\/p><p><img decoding=\"async\" class=\"alignnone wp-image-2587\" src=\"https:\/\/grupoitaka.com\/wp-content\/uploads\/2023\/07\/IMG-0035-300x290.jpg\" alt=\"\" width=\"93\" height=\"90\" srcset=\"https:\/\/grupoitaka.com\/wp-content\/uploads\/2023\/07\/IMG-0035-300x290.jpg 300w, https:\/\/grupoitaka.com\/wp-content\/uploads\/2023\/07\/IMG-0035-1024x990.jpg 1024w, https:\/\/grupoitaka.com\/wp-content\/uploads\/2023\/07\/IMG-0035-768x743.jpg 768w, https:\/\/grupoitaka.com\/wp-content\/uploads\/2023\/07\/IMG-0035.jpg 1242w\" sizes=\"(max-width: 93px) 100vw, 93px\" \/>\u00a0<\/p><\/div>\n\t\t\t\t<\/div>\n\t\t\t\t\t\t\t<div class=\"elementor-accordion-item\">\n\t\t\t\t\t<div id=\"elementor-tab-title-1942\" class=\"elementor-tab-title\" data-tab=\"2\" role=\"button\" aria-controls=\"elementor-tab-content-1942\" aria-expanded=\"false\">\n\t\t\t\t\t\t\t\t\t\t\t\t\t<span class=\"elementor-accordion-icon elementor-accordion-icon-left\" aria-hidden=\"true\">\n\t\t\t\t\t\t\t\t\t\t\t\t\t\t\t<span class=\"elementor-accordion-icon-closed\"><i class=\"fas fa-plus\"><\/i><\/span>\n\t\t\t\t\t\t\t\t<span class=\"elementor-accordion-icon-opened\"><i class=\"fas fa-minus\"><\/i><\/span>\n\t\t\t\t\t\t\t\t\t\t\t\t\t\t<\/span>\n\t\t\t\t\t\t\t\t\t\t\t\t<a class=\"elementor-accordion-title\" tabindex=\"0\">Gastronomic Recommendations<\/a>\n\t\t\t\t\t<\/div>\n\t\t\t\t\t<div id=\"elementor-tab-content-1942\" class=\"elementor-tab-content elementor-clearfix\" data-tab=\"2\" role=\"region\" aria-labelledby=\"elementor-tab-title-1942\"><p>Write here\u00a0<\/p><p>You can use lists<\/p><ul><li>Pruaba 1<\/li><li>Pruaba 2<\/li><\/ul><p>You can use<strong> bold,<\/strong><em> italic<\/em> or <span style=\"text-decoration: underline;\">underline<\/span>\u00a0<\/p><p>You can put images<\/p><p><img decoding=\"async\" class=\"alignnone wp-image-2587\" src=\"https:\/\/grupoitaka.com\/wp-content\/uploads\/2023\/07\/IMG-0035-300x290.jpg\" alt=\"\" width=\"93\" height=\"90\" srcset=\"https:\/\/grupoitaka.com\/wp-content\/uploads\/2023\/07\/IMG-0035-300x290.jpg 300w, https:\/\/grupoitaka.com\/wp-content\/uploads\/2023\/07\/IMG-0035-1024x990.jpg 1024w, https:\/\/grupoitaka.com\/wp-content\/uploads\/2023\/07\/IMG-0035-768x743.jpg 768w, https:\/\/grupoitaka.com\/wp-content\/uploads\/2023\/07\/IMG-0035.jpg 1242w\" sizes=\"(max-width: 93px) 100vw, 93px\" \/>\u00a0<\/p><\/div>\n\t\t\t\t<\/div>\n\t\t\t\t\t\t\t<div class=\"elementor-accordion-item\">\n\t\t\t\t\t<div id=\"elementor-tab-title-1943\" class=\"elementor-tab-title\" data-tab=\"3\" role=\"button\" aria-controls=\"elementor-tab-content-1943\" aria-expanded=\"false\">\n\t\t\t\t\t\t\t\t\t\t\t\t\t<span class=\"elementor-accordion-icon elementor-accordion-icon-left\" aria-hidden=\"true\">\n\t\t\t\t\t\t\t\t\t\t\t\t\t\t\t<span class=\"elementor-accordion-icon-closed\"><i class=\"fas fa-plus\"><\/i><\/span>\n\t\t\t\t\t\t\t\t<span class=\"elementor-accordion-icon-opened\"><i class=\"fas fa-minus\"><\/i><\/span>\n\t\t\t\t\t\t\t\t\t\t\t\t\t\t<\/span>\n\t\t\t\t\t\t\t\t\t\t\t\t<a class=\"elementor-accordion-title\" tabindex=\"0\">Places and times that are most important<\/a>\n\t\t\t\t\t<\/div>\n\t\t\t\t\t<div id=\"elementor-tab-content-1943\" class=\"elementor-tab-content elementor-clearfix\" data-tab=\"3\" role=\"region\" aria-labelledby=\"elementor-tab-title-1943\"><p>Write here\u00a0<\/p><p>You can use lists<\/p><ul><li>Pruaba 1<\/li><li>Pruaba 2<\/li><\/ul><p>You can use<strong> bold,<\/strong><em> italic<\/em> or <span style=\"text-decoration: underline;\">underline<\/span>\u00a0<\/p><p>You can put images<\/p><p><img decoding=\"async\" class=\"alignnone wp-image-2587\" src=\"https:\/\/grupoitaka.com\/wp-content\/uploads\/2023\/07\/IMG-0035-300x290.jpg\" alt=\"\" width=\"93\" height=\"90\" srcset=\"https:\/\/grupoitaka.com\/wp-content\/uploads\/2023\/07\/IMG-0035-300x290.jpg 300w, https:\/\/grupoitaka.com\/wp-content\/uploads\/2023\/07\/IMG-0035-1024x990.jpg 1024w, https:\/\/grupoitaka.com\/wp-content\/uploads\/2023\/07\/IMG-0035-768x743.jpg 768w, https:\/\/grupoitaka.com\/wp-content\/uploads\/2023\/07\/IMG-0035.jpg 1242w\" sizes=\"(max-width: 93px) 100vw, 93px\" \/>\u00a0<\/p><\/div>\n\t\t\t\t<\/div>\n\t\t\t\t\t\t\t<div class=\"elementor-accordion-item\">\n\t\t\t\t\t<div id=\"elementor-tab-title-1944\" class=\"elementor-tab-title\" data-tab=\"4\" role=\"button\" aria-controls=\"elementor-tab-content-1944\" aria-expanded=\"false\">\n\t\t\t\t\t\t\t\t\t\t\t\t\t<span class=\"elementor-accordion-icon elementor-accordion-icon-left\" aria-hidden=\"true\">\n\t\t\t\t\t\t\t\t\t\t\t\t\t\t\t<span class=\"elementor-accordion-icon-closed\"><i class=\"fas fa-plus\"><\/i><\/span>\n\t\t\t\t\t\t\t\t<span class=\"elementor-accordion-icon-opened\"><i class=\"fas fa-minus\"><\/i><\/span>\n\t\t\t\t\t\t\t\t\t\t\t\t\t\t<\/span>\n\t\t\t\t\t\t\t\t\t\t\t\t<a class=\"elementor-accordion-title\" tabindex=\"0\">Holidays and Events highlights<\/a>\n\t\t\t\t\t<\/div>\n\t\t\t\t\t<div id=\"elementor-tab-content-1944\" class=\"elementor-tab-content elementor-clearfix\" data-tab=\"4\" role=\"region\" aria-labelledby=\"elementor-tab-title-1944\"><p>Write here\u00a0<\/p><p>You can use lists<\/p><ul><li>Pruaba 1<\/li><li>Pruaba 2<\/li><\/ul><p>You can use<strong> bold,<\/strong><em> italic<\/em> or <span style=\"text-decoration: underline;\">underline<\/span>\u00a0<\/p><p>You can put images<\/p><p><img decoding=\"async\" class=\"alignnone wp-image-2587\" src=\"https:\/\/grupoitaka.com\/wp-content\/uploads\/2023\/07\/IMG-0035-300x290.jpg\" alt=\"\" width=\"93\" height=\"90\" srcset=\"https:\/\/grupoitaka.com\/wp-content\/uploads\/2023\/07\/IMG-0035-300x290.jpg 300w, https:\/\/grupoitaka.com\/wp-content\/uploads\/2023\/07\/IMG-0035-1024x990.jpg 1024w, https:\/\/grupoitaka.com\/wp-content\/uploads\/2023\/07\/IMG-0035-768x743.jpg 768w, https:\/\/grupoitaka.com\/wp-content\/uploads\/2023\/07\/IMG-0035.jpg 1242w\" sizes=\"(max-width: 93px) 100vw, 93px\" \/>\u00a0<\/p><\/div>\n\t\t\t\t<\/div>\n\t\t\t\t\t\t\t\t<\/div>\n\t\t\t\t\t\t<\/div>\n\t\t\t\t<\/div>\n\t\t\t\t\t<\/div>\n\t\t\t\t<\/div>\n\t\t\t\t<\/div>","protected":false},"excerpt":{"rendered":"<p>Home RECOMENDACIONES MADRID Tel\u00e9fonos de Inter\u00e9s Escribe aqu\u00ed\u00a0 Puedes usar listas Pruaba 1 Pruaba 2 Puedes usar negrita, cursiva o subrayado\u00a0 Puedes meter im\u00e1genes \u00a0 Recomendaciones Gastron\u00f3micas Escribe aqu\u00ed\u00a0 Puedes usar listas Pruaba 1 Pruaba 2 Puedes usar negrita, cursiva o subrayado\u00a0 Puedes meter im\u00e1genes \u00a0 Lugares y momentos m\u00e1s importantes Escribe aqu\u00ed\u00a0 Puedes usar [&hellip;]<\/p>\n","protected":false},"author":1,"featured_media":0,"parent":0,"menu_order":0,"comment_status":"closed","ping_status":"closed","template":"elementor_header_footer","meta":{"footnotes":""},"class_list":["post-2647","page","type-page","status-publish","hentry"],"_links":{"self":[{"href":"https:\/\/grupoitaka.com\/en\/wp-json\/wp\/v2\/pages\/2647","targetHints":{"allow":["GET"]}}],"collection":[{"href":"https:\/\/grupoitaka.com\/en\/wp-json\/wp\/v2\/pages"}],"about":[{"href":"https:\/\/grupoitaka.com\/en\/wp-json\/wp\/v2\/types\/page"}],"author":[{"embeddable":true,"href":"https:\/\/grupoitaka.com\/en\/wp-json\/wp\/v2\/users\/1"}],"replies":[{"embeddable":true,"href":"https:\/\/grupoitaka.com\/en\/wp-json\/wp\/v2\/comments?post=2647"}],"version-history":[{"count":29,"href":"https:\/\/grupoitaka.com\/en\/wp-json\/wp\/v2\/pages\/2647\/revisions"}],"predecessor-version":[{"id":2684,"href":"https:\/\/grupoitaka.com\/en\/wp-json\/wp\/v2\/pages\/2647\/revisions\/2684"}],"wp:attachment":[{"href":"https:\/\/grupoitaka.com\/en\/wp-json\/wp\/v2\/media?parent=2647"}],"curies":[{"name":"wp","href":"https:\/\/api.w.org\/{rel}","templated":true}]}}