{"id":2814,"date":"2023-08-24T17:47:21","date_gmt":"2023-08-24T17:47:21","guid":{"rendered":"https:\/\/grupoitaka.com\/?page_id=2814"},"modified":"2024-05-19T15:16:10","modified_gmt":"2024-05-19T15:16:10","slug":"madrid-privado","status":"publish","type":"page","link":"https:\/\/grupoitaka.com\/en\/madrid\/madrid-privado\/","title":{"rendered":"Madrid privado"},"content":{"rendered":"<div data-elementor-type=\"wp-page\" data-elementor-id=\"2814\" class=\"elementor elementor-2814\" data-elementor-post-type=\"page\">\n\t\t\t\t<div class=\"elementor-element elementor-element-65b905e elementor-hidden-tablet elementor-hidden-mobile e-flex e-con-boxed e-con e-parent\" data-id=\"65b905e\" data-element_type=\"container\" data-e-type=\"container\" data-settings=\"{&quot;background_background&quot;:&quot;classic&quot;}\">\n\t\t\t\t\t<div class=\"e-con-inner\">\n\t\t\t\t<div class=\"elementor-element elementor-element-64dc7de7 elementor-widget elementor-widget-heading\" data-id=\"64dc7de7\" data-element_type=\"widget\" data-e-type=\"widget\" data-widget_type=\"heading.default\">\n\t\t\t\t<div class=\"elementor-widget-container\">\n\t\t\t\t\t<h2 class=\"elementor-heading-title elementor-size-default\">Tour privado por MADRID<\/h2>\t\t\t\t<\/div>\n\t\t\t\t<\/div>\n\t\t<div class=\"elementor-element elementor-element-4f35f8de e-flex e-con-boxed e-con e-parent\" data-id=\"4f35f8de\" data-element_type=\"container\" data-e-type=\"container\">\n\t\t\t\t\t<div class=\"e-con-inner\">\n\t\t\t\t<div class=\"elementor-element elementor-element-6d5e3869 elementor-view-default elementor-widget elementor-widget-icon\" data-id=\"6d5e3869\" data-element_type=\"widget\" data-e-type=\"widget\" data-widget_type=\"icon.default\">\n\t\t\t\t<div class=\"elementor-widget-container\">\n\t\t\t\t\t\t\t<div class=\"elementor-icon-wrapper\">\n\t\t\t<a class=\"elementor-icon\" href=\"https:\/\/grupoitaka.com\/en\/madrid\/\">\n\t\t\t<i aria-hidden=\"true\" class=\"fas fa-arrow-left\"><\/i>\t\t\t<\/a>\n\t\t<\/div>\n\t\t\t\t\t\t<\/div>\n\t\t\t\t<\/div>\n\t\t\t\t<div class=\"elementor-element elementor-element-641cb212 elementor-widget elementor-widget-heading\" data-id=\"641cb212\" data-element_type=\"widget\" data-e-type=\"widget\" data-widget_type=\"heading.default\">\n\t\t\t\t<div class=\"elementor-widget-container\">\n\t\t\t\t\t<h2 class=\"elementor-heading-title elementor-size-default\"><a href=\"https:\/\/grupoitaka.com\/en\/madrid\/\">Services<\/a><\/h2>\t\t\t\t<\/div>\n\t\t\t\t<\/div>\n\t\t\t\t\t<\/div>\n\t\t\t\t<\/div>\n\t\t\t\t\t<\/div>\n\t\t\t\t<\/div>\n\t\t<div class=\"elementor-element elementor-element-516096ca elementor-hidden-desktop e-flex e-con-boxed e-con e-parent\" data-id=\"516096ca\" data-element_type=\"container\" data-e-type=\"container\" data-settings=\"{&quot;background_background&quot;:&quot;classic&quot;}\">\n\t\t\t\t\t<div class=\"e-con-inner\">\n\t\t\t\t<div class=\"elementor-element elementor-element-5a6c140b elementor-widget elementor-widget-heading\" data-id=\"5a6c140b\" data-element_type=\"widget\" data-e-type=\"widget\" data-widget_type=\"heading.default\">\n\t\t\t\t<div class=\"elementor-widget-container\">\n\t\t\t\t\t<h2 class=\"elementor-heading-title elementor-size-default\">Tour privado por MADRID<\/h2>\t\t\t\t<\/div>\n\t\t\t\t<\/div>\n\t\t<div class=\"elementor-element elementor-element-5bed7c87 e-flex e-con-boxed e-con e-parent\" data-id=\"5bed7c87\" data-element_type=\"container\" data-e-type=\"container\">\n\t\t\t\t\t<div class=\"e-con-inner\">\n\t\t\t\t<div class=\"elementor-element elementor-element-6e2d25e4 elementor-view-default elementor-widget elementor-widget-icon\" data-id=\"6e2d25e4\" data-element_type=\"widget\" data-e-type=\"widget\" data-widget_type=\"icon.default\">\n\t\t\t\t<div class=\"elementor-widget-container\">\n\t\t\t\t\t\t\t<div class=\"elementor-icon-wrapper\">\n\t\t\t<a class=\"elementor-icon\" href=\"https:\/\/grupoitaka.com\/en\/madrid\/\">\n\t\t\t<i aria-hidden=\"true\" class=\"fas fa-arrow-left\"><\/i>\t\t\t<\/a>\n\t\t<\/div>\n\t\t\t\t\t\t<\/div>\n\t\t\t\t<\/div>\n\t\t\t\t<div class=\"elementor-element elementor-element-6ac8cb34 elementor-widget elementor-widget-heading\" data-id=\"6ac8cb34\" data-element_type=\"widget\" data-e-type=\"widget\" data-widget_type=\"heading.default\">\n\t\t\t\t<div class=\"elementor-widget-container\">\n\t\t\t\t\t<h2 class=\"elementor-heading-title elementor-size-default\"><a href=\"https:\/\/grupoitaka.com\/en\/madrid\/\">Services<\/a><\/h2>\t\t\t\t<\/div>\n\t\t\t\t<\/div>\n\t\t\t\t\t<\/div>\n\t\t\t\t<\/div>\n\t\t\t\t\t<\/div>\n\t\t\t\t<\/div>\n\t\t<div class=\"elementor-element elementor-element-3948cbe7 elementor-hidden-tablet elementor-hidden-mobile e-flex e-con-boxed e-con e-parent\" data-id=\"3948cbe7\" data-element_type=\"container\" data-e-type=\"container\">\n\t\t\t\t\t<div class=\"e-con-inner\">\n\t\t<div class=\"elementor-element elementor-element-2440b4cf e-con-full e-flex e-con e-parent\" data-id=\"2440b4cf\" data-element_type=\"container\" data-e-type=\"container\">\n\t\t<div class=\"elementor-element elementor-element-ed3b043 e-con-full elementor-hidden-tablet elementor-hidden-mobile e-flex e-con e-parent\" data-id=\"ed3b043\" data-element_type=\"container\" data-e-type=\"container\">\n\t\t<div class=\"elementor-element elementor-element-1ee17ed9 e-con-full e-flex e-con e-parent\" data-id=\"1ee17ed9\" data-element_type=\"container\" data-e-type=\"container\">\n\t\t\t\t<div class=\"elementor-element elementor-element-5454e43d elementor-widget elementor-widget-heading\" data-id=\"5454e43d\" data-element_type=\"widget\" data-e-type=\"widget\" data-widget_type=\"heading.default\">\n\t\t\t\t<div class=\"elementor-widget-container\">\n\t\t\t\t\t<h2 class=\"elementor-heading-title elementor-size-default\">Tour description<\/h2>\t\t\t\t<\/div>\n\t\t\t\t<\/div>\n\t\t\t\t<\/div>\n\t\t<div class=\"elementor-element elementor-element-6a1ec5a e-con-full e-flex e-con e-parent\" data-id=\"6a1ec5a\" data-element_type=\"container\" data-e-type=\"container\">\n\t\t\t\t<div class=\"elementor-element elementor-element-e7196d2 elementor-widget elementor-widget-text-editor\" data-id=\"e7196d2\" data-element_type=\"widget\" data-e-type=\"widget\" data-widget_type=\"text-editor.default\">\n\t\t\t\t<div class=\"elementor-widget-container\">\n\t\t\t\t\t\t\t\t\t<p>Tour privado por Madrid, dedicado a familias, grupos de amigos, colegios\u2026 con un gu\u00eda acreditado que aportar\u00e1 adem\u00e1s de una visi\u00f3n hist\u00f3rica y cultural de Madrid, recomendaciones para que la estancia en la ciudad sea m\u00e1s satisfactoria.<br><br><\/p>\n<p>Puede elegir entre los siguientes recorridos:<br><br><\/p>\n<ol>\n<li>Centro de Madrid. Recorrido por las zonas m\u00e1s importantes y monumentales de Madrid. Y un repaso por la historia general de la ciudad. Los monumentos que visitamos son: Puerta de Alcal\u00e1, Plaza y Fuente de la Cibeles, Congreso de los Diputados, Gran V\u00eda, Palacio Real, Arco de Cuchilleros, Plaza Mayor, Palacio de Santa Cruz, Murales de Minguote y Puerta del Sol. Tiene una duraci\u00f3n de 3,5 horas aproximadamente.<br><br><\/li>\n<li>&nbsp;Madrid Medieval. Recorrido por el Casco Viejo de Madrid, un barrio muy desconocido donde nos adentraremos en la historia de la ciudad antes de ser Capital de Espa\u00f1a. Vamos a visitar lugares como la Iglesia de San Nicol\u00e1s, Plaza De la Villa, Casas a las Malicia, Plaza de la Cruz Verde, Plaza del Alamillo, Plaza de la Paja, Casa de San Isidro, Restos de Muralla Cristiana, Iglesia De San Pedro el Viejo y Plaza de la Puerta Cerrada. El tour tiene una duraci\u00f3n de 2,5 horas aproximadamente.<\/li>\n<\/ol>\t\t\t\t\t\t\t\t<\/div>\n\t\t\t\t<\/div>\n\t\t\t\t<\/div>\n\t\t\t\t<\/div>\n\t\t\t\t<\/div>\n\t\t\t\t\t<\/div>\n\t\t\t\t<\/div>\n\t\t<div class=\"elementor-element elementor-element-27bf546a elementor-hidden-tablet elementor-hidden-mobile e-flex e-con-boxed e-con e-parent\" data-id=\"27bf546a\" data-element_type=\"container\" data-e-type=\"container\">\n\t\t\t\t\t<div class=\"e-con-inner\">\n\t\t<div class=\"elementor-element elementor-element-7831c3c1 e-con-full e-flex e-con e-parent\" data-id=\"7831c3c1\" data-element_type=\"container\" data-e-type=\"container\">\n\t\t\t\t<div class=\"elementor-element elementor-element-5b8eb2a5 elementor-widget elementor-widget-heading\" data-id=\"5b8eb2a5\" data-element_type=\"widget\" data-e-type=\"widget\" data-widget_type=\"heading.default\">\n\t\t\t\t<div class=\"elementor-widget-container\">\n\t\t\t\t\t<h2 class=\"elementor-heading-title elementor-size-default\">Schedules<\/h2>\t\t\t\t<\/div>\n\t\t\t\t<\/div>\n\t\t\t\t<\/div>\n\t\t<div class=\"elementor-element elementor-element-2787190c e-con-full e-flex e-con e-parent\" data-id=\"2787190c\" data-element_type=\"container\" data-e-type=\"container\">\n\t\t\t\t<div class=\"elementor-element elementor-element-57ba7b6c elementor-widget elementor-widget-text-editor\" data-id=\"57ba7b6c\" data-element_type=\"widget\" data-e-type=\"widget\" data-widget_type=\"text-editor.default\">\n\t\t\t\t<div class=\"elementor-widget-container\">\n\t\t\t\t\t\t\t\t\t<p>En los tours privados intentamos adaptarnos al horario que mejor le venga al cliente siempre y cuando el gu\u00eda tenga disponibilidad.<\/p>\t\t\t\t\t\t\t\t<\/div>\n\t\t\t\t<\/div>\n\t\t\t\t<\/div>\n\t\t\t\t\t<\/div>\n\t\t\t\t<\/div>\n\t\t<div class=\"elementor-element elementor-element-169b46f7 elementor-hidden-tablet elementor-hidden-mobile e-flex e-con-boxed e-con e-parent\" data-id=\"169b46f7\" data-element_type=\"container\" data-e-type=\"container\">\n\t\t\t\t\t<div class=\"e-con-inner\">\n\t\t<div class=\"elementor-element elementor-element-159c34f0 e-con-full e-flex e-con e-parent\" data-id=\"159c34f0\" data-element_type=\"container\" data-e-type=\"container\">\n\t\t\t\t<div class=\"elementor-element elementor-element-489a6de2 elementor-widget elementor-widget-heading\" data-id=\"489a6de2\" data-element_type=\"widget\" data-e-type=\"widget\" data-widget_type=\"heading.default\">\n\t\t\t\t<div class=\"elementor-widget-container\">\n\t\t\t\t\t<h2 class=\"elementor-heading-title elementor-size-default\">Pagos<\/h2>\t\t\t\t<\/div>\n\t\t\t\t<\/div>\n\t\t\t\t<\/div>\n\t\t<div class=\"elementor-element elementor-element-62e128be e-con-full e-flex e-con e-parent\" data-id=\"62e128be\" data-element_type=\"container\" data-e-type=\"container\">\n\t\t\t\t<div class=\"elementor-element elementor-element-227746d4 elementor-widget elementor-widget-text-editor\" data-id=\"227746d4\" data-element_type=\"widget\" data-e-type=\"widget\" data-widget_type=\"text-editor.default\">\n\t\t\t\t<div class=\"elementor-widget-container\">\n\t\t\t\t\t\t\t\t\t<p>Los pagos se realizan por transferencia bancaria a la cuenta que le facilitaremos al realizar la reserva. Le enviaremos una factura online.<\/p>\t\t\t\t\t\t\t\t<\/div>\n\t\t\t\t<\/div>\n\t\t\t\t<\/div>\n\t\t\t\t\t<\/div>\n\t\t\t\t<\/div>\n\t\t<div class=\"elementor-element elementor-element-1ee124e7 elementor-hidden-tablet elementor-hidden-mobile e-flex e-con-boxed e-con e-parent\" data-id=\"1ee124e7\" data-element_type=\"container\" data-e-type=\"container\">\n\t\t\t\t\t<div class=\"e-con-inner\">\n\t\t<div class=\"elementor-element elementor-element-3d515b79 e-con-full e-flex e-con e-parent\" data-id=\"3d515b79\" data-element_type=\"container\" data-e-type=\"container\">\n\t\t\t\t<div class=\"elementor-element elementor-element-66d95f2f elementor-widget elementor-widget-heading\" data-id=\"66d95f2f\" data-element_type=\"widget\" data-e-type=\"widget\" data-widget_type=\"heading.default\">\n\t\t\t\t<div class=\"elementor-widget-container\">\n\t\t\t\t\t<h2 class=\"elementor-heading-title elementor-size-default\">N\u00famero m\u00e1ximo de personas<\/h2>\t\t\t\t<\/div>\n\t\t\t\t<\/div>\n\t\t\t\t<\/div>\n\t\t<div class=\"elementor-element elementor-element-5bbea446 e-con-full e-flex e-con e-parent\" data-id=\"5bbea446\" data-element_type=\"container\" data-e-type=\"container\">\n\t\t\t\t<div class=\"elementor-element elementor-element-6688243d elementor-widget elementor-widget-text-editor\" data-id=\"6688243d\" data-element_type=\"widget\" data-e-type=\"widget\" data-widget_type=\"text-editor.default\">\n\t\t\t\t<div class=\"elementor-widget-container\">\n\t\t\t\t\t\t\t\t\t<p>Existe un m\u00e1ximo de 25 personas por grupo. En el caso de superar esta cifra las tarifas ser\u00edan las siguientes:<\/p><ul><li>Entre 25 y 50 personas 285\u20ac<\/li><li>Entre 50 y 75 personas 385\u20ac<\/li><li>Entre 75 y 100 personas 485\u20ac<\/li><\/ul>\t\t\t\t\t\t\t\t<\/div>\n\t\t\t\t<\/div>\n\t\t\t\t<\/div>\n\t\t\t\t\t<\/div>\n\t\t\t\t<\/div>\n\t\t<div class=\"elementor-element elementor-element-4f7bd38e elementor-hidden-tablet elementor-hidden-mobile e-flex e-con-boxed e-con e-parent\" data-id=\"4f7bd38e\" data-element_type=\"container\" data-e-type=\"container\">\n\t\t\t\t\t<div class=\"e-con-inner\">\n\t\t<div class=\"elementor-element elementor-element-64511d18 e-con-full e-flex e-con e-parent\" data-id=\"64511d18\" data-element_type=\"container\" data-e-type=\"container\">\n\t\t\t\t<div class=\"elementor-element elementor-element-5a4da70e elementor-widget elementor-widget-heading\" data-id=\"5a4da70e\" data-element_type=\"widget\" data-e-type=\"widget\" data-widget_type=\"heading.default\">\n\t\t\t\t<div class=\"elementor-widget-container\">\n\t\t\t\t\t<h2 class=\"elementor-heading-title elementor-size-default\">Language<\/h2>\t\t\t\t<\/div>\n\t\t\t\t<\/div>\n\t\t\t\t<\/div>\n\t\t<div class=\"elementor-element elementor-element-42294246 e-con-full e-flex e-con e-parent\" data-id=\"42294246\" data-element_type=\"container\" data-e-type=\"container\">\n\t\t\t\t<div class=\"elementor-element elementor-element-22d01400 elementor-widget elementor-widget-text-editor\" data-id=\"22d01400\" data-element_type=\"widget\" data-e-type=\"widget\" data-widget_type=\"text-editor.default\">\n\t\t\t\t<div class=\"elementor-widget-container\">\n\t\t\t\t\t\t\t\t\t<p>Spanish<\/p>\t\t\t\t\t\t\t\t<\/div>\n\t\t\t\t<\/div>\n\t\t\t\t<\/div>\n\t\t\t\t\t<\/div>\n\t\t\t\t<\/div>\n\t\t<div class=\"elementor-element elementor-element-3b71ecd3 elementor-hidden-tablet elementor-hidden-mobile e-flex e-con-boxed e-con e-parent\" data-id=\"3b71ecd3\" data-element_type=\"container\" data-e-type=\"container\">\n\t\t\t\t\t<div class=\"e-con-inner\">\n\t\t<div class=\"elementor-element elementor-element-1934324c e-con-full e-flex e-con e-parent\" data-id=\"1934324c\" data-element_type=\"container\" data-e-type=\"container\">\n\t\t\t\t<div class=\"elementor-element elementor-element-31859f9e elementor-widget elementor-widget-heading\" data-id=\"31859f9e\" data-element_type=\"widget\" data-e-type=\"widget\" data-widget_type=\"heading.default\">\n\t\t\t\t<div class=\"elementor-widget-container\">\n\t\t\t\t\t<h2 class=\"elementor-heading-title elementor-size-default\">Reservar<\/h2>\t\t\t\t<\/div>\n\t\t\t\t<\/div>\n\t\t\t\t<\/div>\n\t\t<div class=\"elementor-element elementor-element-551de1da e-con-full e-flex e-con e-parent\" data-id=\"551de1da\" data-element_type=\"container\" data-e-type=\"container\">\n\t\t\t\t<div class=\"elementor-element elementor-element-3ec10f8 elementor-widget elementor-widget-text-editor\" data-id=\"3ec10f8\" data-element_type=\"widget\" data-e-type=\"widget\" data-widget_type=\"text-editor.default\">\n\t\t\t\t<div class=\"elementor-widget-container\">\n\t\t\t\t\t\t\t\t\t<p>Para reservar el tour es necesario que nos env\u00ede un correo electr\u00f3nico a la siguiente direcci\u00f3n: itakatours.info@gmail.com especificando el nombre, fecha del tour, hora recomendada, n\u00famero de personas y cu\u00e1l de los 2 recorridos elige. Y nosotros nos pondremos lo antes posible en contacto con usted para hacer efectiva\u00a0la\u00a0reserva.<\/p>\t\t\t\t\t\t\t\t<\/div>\n\t\t\t\t<\/div>\n\t\t\t\t<\/div>\n\t\t\t\t\t<\/div>\n\t\t\t\t<\/div>\n\t\t<div class=\"elementor-element elementor-element-652205e7 e-con-full elementor-hidden-desktop e-flex e-con e-parent\" data-id=\"652205e7\" data-element_type=\"container\" data-e-type=\"container\">\n\t\t\t\t<div class=\"elementor-element elementor-element-5204c51e elementor-widget__width-inherit elementor-widget elementor-widget-accordion\" data-id=\"5204c51e\" data-element_type=\"widget\" data-e-type=\"widget\" data-widget_type=\"accordion.default\">\n\t\t\t\t<div class=\"elementor-widget-container\">\n\t\t\t\t\t\t\t<div class=\"elementor-accordion\">\n\t\t\t\t\t\t\t<div class=\"elementor-accordion-item\">\n\t\t\t\t\t<div id=\"elementor-tab-title-1371\" class=\"elementor-tab-title\" data-tab=\"1\" role=\"button\" aria-controls=\"elementor-tab-content-1371\" aria-expanded=\"false\">\n\t\t\t\t\t\t\t\t\t\t\t\t\t<span class=\"elementor-accordion-icon elementor-accordion-icon-right\" aria-hidden=\"true\">\n\t\t\t\t\t\t\t\t\t\t\t\t\t\t\t<span class=\"elementor-accordion-icon-closed\"><i class=\"fas fa-chevron-down\"><\/i><\/span>\n\t\t\t\t\t\t\t\t<span class=\"elementor-accordion-icon-opened\"><i class=\"fas fa-chevron-left\"><\/i><\/span>\n\t\t\t\t\t\t\t\t\t\t\t\t\t\t<\/span>\n\t\t\t\t\t\t\t\t\t\t\t\t<a class=\"elementor-accordion-title\" tabindex=\"0\">Tour description<\/a>\n\t\t\t\t\t<\/div>\n\t\t\t\t\t<div id=\"elementor-tab-content-1371\" class=\"elementor-tab-content elementor-clearfix\" data-tab=\"1\" role=\"region\" aria-labelledby=\"elementor-tab-title-1371\"><p>Tour privado por Madrid, dedicado a familias, grupos de amigos, colegios\u2026 con un gu\u00eda acreditado que aportar\u00e1 adem\u00e1s de una visi\u00f3n hist\u00f3rica y cultural de Madrid, recomendaciones para que la estancia en la ciudad sea m\u00e1s satisfactoria.<br \/><br \/><\/p><p>\u00a0<\/p><p>Puede elegir entre los siguientes recorridos:<br \/><br \/><\/p><p>\u00a0<\/p><ol><li>Centro de Madrid. Recorrido por las zonas m\u00e1s importantes y monumentales de Madrid. Y un repaso por la historia general de la ciudad. Los monumentos que visitamos son: Puerta de Alcal\u00e1, Plaza y Fuente de la Cibeles, Congreso de los Diputados, Gran V\u00eda, Palacio Real, Arco de Cuchilleros, Plaza Mayor, Palacio de Santa Cruz, Murales de Minguote y Puerta del Sol. Tiene una duraci\u00f3n de 3,5 horas aproximadamente.<br \/><br \/><\/li><li>Madrid Medieval. Recorrido por el Casco Viejo de Madrid, un barrio muy desconocido donde nos adentraremos en la historia de la ciudad antes de ser Capital de Espa\u00f1a. Vamos a visitar lugares como la Iglesia de San Nicol\u00e1s, Plaza De la Villa, Casas a las Malicia, Plaza de la Cruz Verde, Plaza del Alamillo, Plaza de la Paja, Casa de San Isidro, Restos de Muralla Cristiana, Iglesia De San Pedro el Viejo y Plaza de la Puerta Cerrada. El tour tiene una duraci\u00f3n de 2,5 horas aproximadamente.<\/li><\/ol><\/div>\n\t\t\t\t<\/div>\n\t\t\t\t\t\t\t<div class=\"elementor-accordion-item\">\n\t\t\t\t\t<div id=\"elementor-tab-title-1372\" class=\"elementor-tab-title\" data-tab=\"2\" role=\"button\" aria-controls=\"elementor-tab-content-1372\" aria-expanded=\"false\">\n\t\t\t\t\t\t\t\t\t\t\t\t\t<span class=\"elementor-accordion-icon elementor-accordion-icon-right\" aria-hidden=\"true\">\n\t\t\t\t\t\t\t\t\t\t\t\t\t\t\t<span class=\"elementor-accordion-icon-closed\"><i class=\"fas fa-chevron-down\"><\/i><\/span>\n\t\t\t\t\t\t\t\t<span class=\"elementor-accordion-icon-opened\"><i class=\"fas fa-chevron-left\"><\/i><\/span>\n\t\t\t\t\t\t\t\t\t\t\t\t\t\t<\/span>\n\t\t\t\t\t\t\t\t\t\t\t\t<a class=\"elementor-accordion-title\" tabindex=\"0\">Schedules<\/a>\n\t\t\t\t\t<\/div>\n\t\t\t\t\t<div id=\"elementor-tab-content-1372\" class=\"elementor-tab-content elementor-clearfix\" data-tab=\"2\" role=\"region\" aria-labelledby=\"elementor-tab-title-1372\"><p>En los tours privados intentamos adaptarnos al horario que mejor le venga al cliente siempre y cuando el gu\u00eda tenga disponibilidad.<\/p><\/div>\n\t\t\t\t<\/div>\n\t\t\t\t\t\t\t<div class=\"elementor-accordion-item\">\n\t\t\t\t\t<div id=\"elementor-tab-title-1373\" class=\"elementor-tab-title\" data-tab=\"3\" role=\"button\" aria-controls=\"elementor-tab-content-1373\" aria-expanded=\"false\">\n\t\t\t\t\t\t\t\t\t\t\t\t\t<span class=\"elementor-accordion-icon elementor-accordion-icon-right\" aria-hidden=\"true\">\n\t\t\t\t\t\t\t\t\t\t\t\t\t\t\t<span class=\"elementor-accordion-icon-closed\"><i class=\"fas fa-chevron-down\"><\/i><\/span>\n\t\t\t\t\t\t\t\t<span class=\"elementor-accordion-icon-opened\"><i class=\"fas fa-chevron-left\"><\/i><\/span>\n\t\t\t\t\t\t\t\t\t\t\t\t\t\t<\/span>\n\t\t\t\t\t\t\t\t\t\t\t\t<a class=\"elementor-accordion-title\" tabindex=\"0\">Pagos<\/a>\n\t\t\t\t\t<\/div>\n\t\t\t\t\t<div id=\"elementor-tab-content-1373\" class=\"elementor-tab-content elementor-clearfix\" data-tab=\"3\" role=\"region\" aria-labelledby=\"elementor-tab-title-1373\"><p>Los pagos se realizan por transferencia bancaria a la cuenta que le facilitaremos al realizar la reserva. Le enviaremos una factura online.<\/p><div id=\"gtx-trans\" style=\"position: absolute; left: -44px; top: -10px;\"><div class=\"gtx-trans-icon\">\u00a0<\/div><\/div><\/div>\n\t\t\t\t<\/div>\n\t\t\t\t\t\t\t<div class=\"elementor-accordion-item\">\n\t\t\t\t\t<div id=\"elementor-tab-title-1374\" class=\"elementor-tab-title\" data-tab=\"4\" role=\"button\" aria-controls=\"elementor-tab-content-1374\" aria-expanded=\"false\">\n\t\t\t\t\t\t\t\t\t\t\t\t\t<span class=\"elementor-accordion-icon elementor-accordion-icon-right\" aria-hidden=\"true\">\n\t\t\t\t\t\t\t\t\t\t\t\t\t\t\t<span class=\"elementor-accordion-icon-closed\"><i class=\"fas fa-chevron-down\"><\/i><\/span>\n\t\t\t\t\t\t\t\t<span class=\"elementor-accordion-icon-opened\"><i class=\"fas fa-chevron-left\"><\/i><\/span>\n\t\t\t\t\t\t\t\t\t\t\t\t\t\t<\/span>\n\t\t\t\t\t\t\t\t\t\t\t\t<a class=\"elementor-accordion-title\" tabindex=\"0\">N\u00famero m\u00e1ximo por grupo<\/a>\n\t\t\t\t\t<\/div>\n\t\t\t\t\t<div id=\"elementor-tab-content-1374\" class=\"elementor-tab-content elementor-clearfix\" data-tab=\"4\" role=\"region\" aria-labelledby=\"elementor-tab-title-1374\"><p>Existe un m\u00e1ximo de 25 personas por grupo. En el caso de superar esta cifra las tarifas ser\u00edan las siguientes:<\/p><ul><li>Entre 25 y 50 personas 285\u20ac<\/li><li>Entre 50 y 75 personas 385\u20ac<\/li><li>Entre 75 y 100 personas 485\u20ac<\/li><\/ul><\/div>\n\t\t\t\t<\/div>\n\t\t\t\t\t\t\t<div class=\"elementor-accordion-item\">\n\t\t\t\t\t<div id=\"elementor-tab-title-1375\" class=\"elementor-tab-title\" data-tab=\"5\" role=\"button\" aria-controls=\"elementor-tab-content-1375\" aria-expanded=\"false\">\n\t\t\t\t\t\t\t\t\t\t\t\t\t<span class=\"elementor-accordion-icon elementor-accordion-icon-right\" aria-hidden=\"true\">\n\t\t\t\t\t\t\t\t\t\t\t\t\t\t\t<span class=\"elementor-accordion-icon-closed\"><i class=\"fas fa-chevron-down\"><\/i><\/span>\n\t\t\t\t\t\t\t\t<span class=\"elementor-accordion-icon-opened\"><i class=\"fas fa-chevron-left\"><\/i><\/span>\n\t\t\t\t\t\t\t\t\t\t\t\t\t\t<\/span>\n\t\t\t\t\t\t\t\t\t\t\t\t<a class=\"elementor-accordion-title\" tabindex=\"0\">Language<\/a>\n\t\t\t\t\t<\/div>\n\t\t\t\t\t<div id=\"elementor-tab-content-1375\" class=\"elementor-tab-content elementor-clearfix\" data-tab=\"5\" role=\"region\" aria-labelledby=\"elementor-tab-title-1375\"><p>Spanish<\/p><\/div>\n\t\t\t\t<\/div>\n\t\t\t\t\t\t\t<div class=\"elementor-accordion-item\">\n\t\t\t\t\t<div id=\"elementor-tab-title-1376\" class=\"elementor-tab-title\" data-tab=\"6\" role=\"button\" aria-controls=\"elementor-tab-content-1376\" aria-expanded=\"false\">\n\t\t\t\t\t\t\t\t\t\t\t\t\t<span class=\"elementor-accordion-icon elementor-accordion-icon-right\" aria-hidden=\"true\">\n\t\t\t\t\t\t\t\t\t\t\t\t\t\t\t<span class=\"elementor-accordion-icon-closed\"><i class=\"fas fa-chevron-down\"><\/i><\/span>\n\t\t\t\t\t\t\t\t<span class=\"elementor-accordion-icon-opened\"><i class=\"fas fa-chevron-left\"><\/i><\/span>\n\t\t\t\t\t\t\t\t\t\t\t\t\t\t<\/span>\n\t\t\t\t\t\t\t\t\t\t\t\t<a class=\"elementor-accordion-title\" tabindex=\"0\">Reservar<\/a>\n\t\t\t\t\t<\/div>\n\t\t\t\t\t<div id=\"elementor-tab-content-1376\" class=\"elementor-tab-content elementor-clearfix\" data-tab=\"6\" role=\"region\" aria-labelledby=\"elementor-tab-title-1376\"><p>Para reservar el tour es necesario que nos env\u00ede un correo electr\u00f3nico a la siguiente direcci\u00f3n: itakatours.info@gmail.com especificando el nombre, fecha del tour, hora recomendada, n\u00famero de personas y cu\u00e1l de los 2 recorridos elige. Y nosotros nos pondremos lo antes posible en contacto con usted para hacer efectiva\u00a0la\u00a0reserva.<\/p><\/div>\n\t\t\t\t<\/div>\n\t\t\t\t\t\t\t\t<\/div>\n\t\t\t\t\t\t<\/div>\n\t\t\t\t<\/div>\n\t\t\t\t<\/div>\n\t\t<div class=\"elementor-element elementor-element-3fc38d75 e-flex e-con-boxed e-con e-parent\" data-id=\"3fc38d75\" data-element_type=\"container\" data-e-type=\"container\">\n\t\t\t\t\t<div class=\"e-con-inner\">\n\t\t\t\t<div class=\"elementor-element elementor-element-554b5237 elementor-widget elementor-widget-html\" data-id=\"554b5237\" data-element_type=\"widget\" data-e-type=\"widget\" data-widget_type=\"html.default\">\n\t\t\t\t<div class=\"elementor-widget-container\">\n\t\t\t\t\t<script>\r\n    var botonSanMarco10 = document.getElementById(\"botonSanMarco10\");\r\n    var botonSanMarco13 = document.getElementById(\"botonSanMarco13\");\r\n\r\n    var calendarioSanMarco10 = document.getElementById(\"CalendarioSanMarco10\");\r\n    var calendarioSanMarco13 = document.getElementById(\"CalendarioSanMarco13\");\r\n\r\n    function ocultarTodosDivs() {\r\n        calendarioSanMarco10.style.display = \"none\";\r\n        calendarioSanMarco13.style.display = \"none\";\r\n    }\r\n\r\n    botonSanMarco10.addEventListener(\"click\", function () {\r\n        ocultarTodosDivs();\r\n        calendarioSanMarco10.style.display = \"block\";\r\n    });\r\n\r\n    botonSanMarco13.addEventListener(\"click\", function () {\r\n        ocultarTodosDivs();\r\n        calendarioSanMarco13.style.display = \"block\";\r\n    });\r\n<\/script>\t\t\t\t<\/div>\n\t\t\t\t<\/div>\n\t\t\t\t\t<\/div>\n\t\t\t\t<\/div>\n\t\t\t\t<\/div>","protected":false},"excerpt":{"rendered":"<p>Tour privado por MADRID Servicios Tour privado por MADRID Servicios Descripci\u00f3n del Tour Tour privado por Madrid, dedicado a familias, grupos de amigos, colegios\u2026 con un gu\u00eda acreditado que aportar\u00e1 adem\u00e1s de una visi\u00f3n hist\u00f3rica y cultural de Madrid, recomendaciones para que la estancia en la ciudad sea m\u00e1s satisfactoria. Puede elegir entre los siguientes [&hellip;]<\/p>\n","protected":false},"author":2,"featured_media":0,"parent":531,"menu_order":0,"comment_status":"closed","ping_status":"closed","template":"elementor_header_footer","meta":{"footnotes":""},"class_list":["post-2814","page","type-page","status-publish","hentry"],"_links":{"self":[{"href":"https:\/\/grupoitaka.com\/en\/wp-json\/wp\/v2\/pages\/2814","targetHints":{"allow":["GET"]}}],"collection":[{"href":"https:\/\/grupoitaka.com\/en\/wp-json\/wp\/v2\/pages"}],"about":[{"href":"https:\/\/grupoitaka.com\/en\/wp-json\/wp\/v2\/types\/page"}],"author":[{"embeddable":true,"href":"https:\/\/grupoitaka.com\/en\/wp-json\/wp\/v2\/users\/2"}],"replies":[{"embeddable":true,"href":"https:\/\/grupoitaka.com\/en\/wp-json\/wp\/v2\/comments?post=2814"}],"version-history":[{"count":25,"href":"https:\/\/grupoitaka.com\/en\/wp-json\/wp\/v2\/pages\/2814\/revisions"}],"predecessor-version":[{"id":2841,"href":"https:\/\/grupoitaka.com\/en\/wp-json\/wp\/v2\/pages\/2814\/revisions\/2841"}],"up":[{"embeddable":true,"href":"https:\/\/grupoitaka.com\/en\/wp-json\/wp\/v2\/pages\/531"}],"wp:attachment":[{"href":"https:\/\/grupoitaka.com\/en\/wp-json\/wp\/v2\/media?parent=2814"}],"curies":[{"name":"wp","href":"https:\/\/api.w.org\/{rel}","templated":true}]}}