{"id":3026,"date":"2024-05-11T14:38:26","date_gmt":"2024-05-11T14:38:26","guid":{"rendered":"https:\/\/grupoitaka.com\/?page_id=3026"},"modified":"2024-05-11T14:55:03","modified_gmt":"2024-05-11T14:55:03","slug":"blog","status":"publish","type":"page","link":"https:\/\/grupoitaka.com\/en\/blog\/","title":{"rendered":"Blog Itaka"},"content":{"rendered":"<div data-elementor-type=\"wp-page\" data-elementor-id=\"3026\" class=\"elementor elementor-3026\" data-elementor-post-type=\"page\">\n\t\t\t\t<div class=\"elementor-element elementor-element-5c3108e e-flex e-con-boxed e-con e-parent\" data-id=\"5c3108e\" data-element_type=\"container\" data-e-type=\"container\" data-settings=\"{&quot;background_background&quot;:&quot;classic&quot;}\">\n\t\t\t\t\t<div class=\"e-con-inner\">\n\t\t\t\t<div class=\"elementor-element elementor-element-4dcd94e elementor-widget elementor-widget-image\" data-id=\"4dcd94e\" data-element_type=\"widget\" data-e-type=\"widget\" data-widget_type=\"image.default\">\n\t\t\t\t<div class=\"elementor-widget-container\">\n\t\t\t\t\t\t\t\t\t\t\t\t\t\t\t<img decoding=\"async\" width=\"250\" height=\"86\" src=\"https:\/\/grupoitaka.com\/wp-content\/uploads\/2023\/06\/Logo-grande-blanco.svg\" class=\"attachment-full size-full wp-image-81\" alt=\"\" \/>\t\t\t\t\t\t\t\t\t\t\t\t\t\t\t<\/div>\n\t\t\t\t<\/div>\n\t\t\t\t\t<\/div>\n\t\t\t\t<\/div>\n\t\t<div class=\"elementor-element elementor-element-55028eb e-flex e-con-boxed e-con e-parent\" data-id=\"55028eb\" data-element_type=\"container\" data-e-type=\"container\">\n\t\t\t\t\t<div class=\"e-con-inner\">\n\t\t\t\t<div class=\"elementor-element elementor-element-7dd06b9 elementor-widget elementor-widget-heading\" data-id=\"7dd06b9\" data-element_type=\"widget\" data-e-type=\"widget\" data-widget_type=\"heading.default\">\n\t\t\t\t<div class=\"elementor-widget-container\">\n\t\t\t\t\t<h2 class=\"elementor-heading-title elementor-size-default\">Blog <\/h2>\t\t\t\t<\/div>\n\t\t\t\t<\/div>\n\t\t\t\t<div class=\"elementor-element elementor-element-45d4cd1 elementor-grid-3 elementor-grid-tablet-2 elementor-grid-mobile-1 elementor-posts--thumbnail-top elementor-card-shadow-yes elementor-posts__hover-gradient elementor-widget elementor-widget-posts\" data-id=\"45d4cd1\" data-element_type=\"widget\" data-e-type=\"widget\" data-settings=\"{&quot;pagination_type&quot;:&quot;numbers_and_prev_next&quot;,&quot;cards_columns&quot;:&quot;3&quot;,&quot;cards_columns_tablet&quot;:&quot;2&quot;,&quot;cards_columns_mobile&quot;:&quot;1&quot;,&quot;cards_row_gap&quot;:{&quot;unit&quot;:&quot;px&quot;,&quot;size&quot;:35,&quot;sizes&quot;:[]},&quot;cards_row_gap_tablet&quot;:{&quot;unit&quot;:&quot;px&quot;,&quot;size&quot;:&quot;&quot;,&quot;sizes&quot;:[]},&quot;cards_row_gap_mobile&quot;:{&quot;unit&quot;:&quot;px&quot;,&quot;size&quot;:&quot;&quot;,&quot;sizes&quot;:[]}}\" data-widget_type=\"posts.cards\">\n\t\t\t\t<div class=\"elementor-widget-container\">\n\t\t\t\t\t\t\t<div class=\"elementor-posts-container elementor-posts elementor-posts--skin-cards elementor-grid\" role=\"list\">\n\t\t\t\t<article class=\"elementor-post elementor-grid-item post-2989 post type-post status-publish format-standard has-post-thumbnail hentry category-publi-blog tag-gondola tag-italia tag-italy tag-transportevenecia tag-vaporetto tag-venecia tag-venezia tag-venice\" role=\"listitem\">\n\t\t\t<div class=\"elementor-post__card\">\n\t\t\t\t<a class=\"elementor-post__thumbnail__link\" href=\"https:\/\/grupoitaka.com\/en\/como-moverse-en-venecia\/\" tabindex=\"-1\" ><div class=\"elementor-post__thumbnail\"><img fetchpriority=\"high\" decoding=\"async\" width=\"300\" height=\"204\" src=\"https:\/\/grupoitaka.com\/wp-content\/uploads\/2023\/11\/Venezia_Vaporetto_ACTV43_R01-300x204.jpg\" class=\"attachment-medium size-medium wp-image-2999\" alt=\"\" srcset=\"https:\/\/grupoitaka.com\/wp-content\/uploads\/2023\/11\/Venezia_Vaporetto_ACTV43_R01-300x204.jpg 300w, https:\/\/grupoitaka.com\/wp-content\/uploads\/2023\/11\/Venezia_Vaporetto_ACTV43_R01-1024x697.jpg 1024w, https:\/\/grupoitaka.com\/wp-content\/uploads\/2023\/11\/Venezia_Vaporetto_ACTV43_R01-768x523.jpg 768w, https:\/\/grupoitaka.com\/wp-content\/uploads\/2023\/11\/Venezia_Vaporetto_ACTV43_R01-18x12.jpg 18w, https:\/\/grupoitaka.com\/wp-content\/uploads\/2023\/11\/Venezia_Vaporetto_ACTV43_R01.jpg 1200w\" sizes=\"(max-width: 300px) 100vw, 300px\" \/><\/div><\/a>\n\t\t\t\t<div class=\"elementor-post__text\">\n\t\t\t\t<h3 class=\"elementor-post__title\">\n\t\t\t<a href=\"https:\/\/grupoitaka.com\/en\/como-moverse-en-venecia\/\" >\n\t\t\t\tC\u00d3MO MOVERSE EN VENECIA\t\t\t<\/a>\n\t\t<\/h3>\n\t\t\t\t<div class=\"elementor-post__excerpt\">\n\t\t\t<p>Aqu\u00ed os dejamos varios consejos para que puedan moverse por Venecia de forma f\u00e1cil y r\u00e1pida. Venecia es una de las ciudades m\u00e1s hermosas del Mundo, llena de arte y cultura, con una arquitectura \u00fanica y una gastronom\u00eda de la m\u00e1s alta calidad, sin embargo uno de los problemas que<\/p>\n\t\t<\/div>\n\t\t\n\t\t<a class=\"elementor-post__read-more\" href=\"https:\/\/grupoitaka.com\/en\/como-moverse-en-venecia\/\" aria-label=\"Read more about C\u00d3MO MOVERSE EN VENECIA\" tabindex=\"-1\" >\n\t\t\tLeer m\u00e1s \u00bb\t\t<\/a>\n\n\t\t\t\t<\/div>\n\t\t\t\t<div class=\"elementor-post__meta-data\">\n\t\t\t\t\t<span class=\"elementor-post-date\">\n\t\t\tNovember 3, 2023\t\t<\/span>\n\t\t\t\t<\/div>\n\t\t\t\t\t<\/div>\n\t\t<\/article>\n\t\t\t\t<article class=\"elementor-post elementor-grid-item post-2971 post type-post status-publish format-standard has-post-thumbnail hentry category-publi-blog tag-freetour tag-itakatours tag-madrid tag-madridenundia tag-madridimprescindible\" role=\"listitem\">\n\t\t\t<div class=\"elementor-post__card\">\n\t\t\t\t<a class=\"elementor-post__thumbnail__link\" href=\"https:\/\/grupoitaka.com\/en\/madrid-en-un-dia-7-lugares-imprescindibles\/\" tabindex=\"-1\" ><div class=\"elementor-post__thumbnail\"><img decoding=\"async\" width=\"300\" height=\"300\" src=\"https:\/\/grupoitaka.com\/wp-content\/uploads\/2023\/10\/gV-300x300.jpg\" class=\"attachment-medium size-medium wp-image-2963\" alt=\"\" srcset=\"https:\/\/grupoitaka.com\/wp-content\/uploads\/2023\/10\/gV-300x300.jpg 300w, https:\/\/grupoitaka.com\/wp-content\/uploads\/2023\/10\/gV-150x150.jpg 150w, https:\/\/grupoitaka.com\/wp-content\/uploads\/2023\/10\/gV-768x768.jpg 768w, https:\/\/grupoitaka.com\/wp-content\/uploads\/2023\/10\/gV-12x12.jpg 12w, https:\/\/grupoitaka.com\/wp-content\/uploads\/2023\/10\/gV.jpg 800w\" sizes=\"(max-width: 300px) 100vw, 300px\" \/><\/div><\/a>\n\t\t\t\t<div class=\"elementor-post__text\">\n\t\t\t\t<h3 class=\"elementor-post__title\">\n\t\t\t<a href=\"https:\/\/grupoitaka.com\/en\/madrid-en-un-dia-7-lugares-imprescindibles\/\" >\n\t\t\t\tMADRID EN UN D\u00cdA. 7 LUGARES IMPRESCINDIBLES\t\t\t<\/a>\n\t\t<\/h3>\n\t\t\t\t<div class=\"elementor-post__excerpt\">\n\t\t\t<p>Esta lista de siete imprescindibles te ayudar\u00e1 a tener un primer contacto con la capital de Espa\u00f1a. Podr\u00e1s visitar los lugares m\u00e1s emblem\u00e1ticos de Madrid llev\u00e1ndote una visi\u00f3n general de la historia, arquitectura, gastronom\u00eda y ambiente de la ciudad. Si no dispones de mucho tiempo en tu viaje este post<\/p>\n\t\t<\/div>\n\t\t\n\t\t<a class=\"elementor-post__read-more\" href=\"https:\/\/grupoitaka.com\/en\/madrid-en-un-dia-7-lugares-imprescindibles\/\" aria-label=\"Read more about MADRID EN UN D\u00cdA. 7 LUGARES IMPRESCINDIBLES\" tabindex=\"-1\" >\n\t\t\tLeer m\u00e1s \u00bb\t\t<\/a>\n\n\t\t\t\t<\/div>\n\t\t\t\t<div class=\"elementor-post__meta-data\">\n\t\t\t\t\t<span class=\"elementor-post-date\">\n\t\t\tOctober 26, 2023\t\t<\/span>\n\t\t\t\t<\/div>\n\t\t\t\t\t<\/div>\n\t\t<\/article>\n\t\t\t\t<article class=\"elementor-post elementor-grid-item post-2764 post type-post status-publish format-standard has-post-thumbnail hentry category-publi-blog\" role=\"listitem\">\n\t\t\t<div class=\"elementor-post__card\">\n\t\t\t\t<a class=\"elementor-post__thumbnail__link\" href=\"https:\/\/grupoitaka.com\/en\/venecia-la-cuarta-cruzada-y-la-cuadriga-de-constantinopla\/\" tabindex=\"-1\" ><div class=\"elementor-post__thumbnail\"><img loading=\"lazy\" decoding=\"async\" width=\"300\" height=\"200\" src=\"https:\/\/grupoitaka.com\/wp-content\/uploads\/2023\/07\/post-5-3-300x200.jpg\" class=\"attachment-medium size-medium wp-image-2765\" alt=\"\" srcset=\"https:\/\/grupoitaka.com\/wp-content\/uploads\/2023\/07\/post-5-3-300x200.jpg 300w, https:\/\/grupoitaka.com\/wp-content\/uploads\/2023\/07\/post-5-3-1024x682.jpg 1024w, https:\/\/grupoitaka.com\/wp-content\/uploads\/2023\/07\/post-5-3-768x512.jpg 768w, https:\/\/grupoitaka.com\/wp-content\/uploads\/2023\/07\/post-5-3.jpg 1280w\" sizes=\"(max-width: 300px) 100vw, 300px\" \/><\/div><\/a>\n\t\t\t\t<div class=\"elementor-post__text\">\n\t\t\t\t<h3 class=\"elementor-post__title\">\n\t\t\t<a href=\"https:\/\/grupoitaka.com\/en\/venecia-la-cuarta-cruzada-y-la-cuadriga-de-constantinopla\/\" >\n\t\t\t\tVENICE, THE FOURTH CRUSADE AND THE CU\u00c1DRIGA OF CONSTANTINOPLE\t\t\t<\/a>\n\t\t<\/h3>\n\t\t\t\t<div class=\"elementor-post__excerpt\">\n\t\t\t<p>Una de las obras de arte m\u00e1s valoradas de Venecia es la Cuadriga de Constantinopla, decorando la fachada de la Bas\u00edlica de San Marcos, simbolizando el momento en el que Venecia protagoniz\u00f3 la Cuarta Cruzada y el Saqueo de Constantinopla. A parte de su enorme belleza, la Bas\u00edlica de San<\/p>\n\t\t<\/div>\n\t\t\n\t\t<a class=\"elementor-post__read-more\" href=\"https:\/\/grupoitaka.com\/en\/venecia-la-cuarta-cruzada-y-la-cuadriga-de-constantinopla\/\" aria-label=\"Read more about VENECIA, LA CUARTA CRUZADA Y LA CU\u00c1DRIGA DE CONSTANTINOPLA\" tabindex=\"-1\" >\n\t\t\tLeer m\u00e1s \u00bb\t\t<\/a>\n\n\t\t\t\t<\/div>\n\t\t\t\t<div class=\"elementor-post__meta-data\">\n\t\t\t\t\t<span class=\"elementor-post-date\">\n\t\t\tJuly 31, 2023\t\t<\/span>\n\t\t\t\t<\/div>\n\t\t\t\t\t<\/div>\n\t\t<\/article>\n\t\t\t\t<article class=\"elementor-post elementor-grid-item post-2758 post type-post status-publish format-standard has-post-thumbnail hentry category-publi-blog\" role=\"listitem\">\n\t\t\t<div class=\"elementor-post__card\">\n\t\t\t\t<a class=\"elementor-post__thumbnail__link\" href=\"https:\/\/grupoitaka.com\/en\/venecia-la-ciudad-de-los-libros\/\" tabindex=\"-1\" ><div class=\"elementor-post__thumbnail\"><img loading=\"lazy\" decoding=\"async\" width=\"300\" height=\"200\" src=\"https:\/\/grupoitaka.com\/wp-content\/uploads\/2023\/07\/post-4-2-300x200.jpg\" class=\"attachment-medium size-medium wp-image-2759\" alt=\"\" srcset=\"https:\/\/grupoitaka.com\/wp-content\/uploads\/2023\/07\/post-4-2-300x200.jpg 300w, https:\/\/grupoitaka.com\/wp-content\/uploads\/2023\/07\/post-4-2-1024x683.jpg 1024w, https:\/\/grupoitaka.com\/wp-content\/uploads\/2023\/07\/post-4-2-768x512.jpg 768w, https:\/\/grupoitaka.com\/wp-content\/uploads\/2023\/07\/post-4-2-1536x1024.jpg 1536w, https:\/\/grupoitaka.com\/wp-content\/uploads\/2023\/07\/post-4-2.jpg 1960w\" sizes=\"(max-width: 300px) 100vw, 300px\" \/><\/div><\/a>\n\t\t\t\t<div class=\"elementor-post__text\">\n\t\t\t\t<h3 class=\"elementor-post__title\">\n\t\t\t<a href=\"https:\/\/grupoitaka.com\/en\/venecia-la-ciudad-de-los-libros\/\" >\n\t\t\t\tVENICE: THE CITY OF THE BOOKS\t\t\t<\/a>\n\t\t<\/h3>\n\t\t\t\t<div class=\"elementor-post__excerpt\">\n\t\t\t<p>Aunque la imprenta naci\u00f3 en Alemania de la mano de Gutenberg, el impresor Aldo Manucio fue quien impuls\u00f3 la edici\u00f3n e impresi\u00f3n de obras griegas y latinas desde Venecia al resto de Europa. En el siglo XV la ciudad contaba con m\u00e1s de cien librer\u00edas y el libro se convertir\u00e1<\/p>\n\t\t<\/div>\n\t\t\n\t\t<a class=\"elementor-post__read-more\" href=\"https:\/\/grupoitaka.com\/en\/venecia-la-ciudad-de-los-libros\/\" aria-label=\"Read more about VENECIA: LA CIUDAD DE LOS LIBROS\" tabindex=\"-1\" >\n\t\t\tLeer m\u00e1s \u00bb\t\t<\/a>\n\n\t\t\t\t<\/div>\n\t\t\t\t<div class=\"elementor-post__meta-data\">\n\t\t\t\t\t<span class=\"elementor-post-date\">\n\t\t\tJuly 31, 2023\t\t<\/span>\n\t\t\t\t<\/div>\n\t\t\t\t\t<\/div>\n\t\t<\/article>\n\t\t\t\t<article class=\"elementor-post elementor-grid-item post-2752 post type-post status-publish format-standard has-post-thumbnail hentry category-publi-blog\" role=\"listitem\">\n\t\t\t<div class=\"elementor-post__card\">\n\t\t\t\t<a class=\"elementor-post__thumbnail__link\" href=\"https:\/\/grupoitaka.com\/en\/padua-la-vecina-desconocida\/\" tabindex=\"-1\" ><div class=\"elementor-post__thumbnail\"><img loading=\"lazy\" decoding=\"async\" width=\"300\" height=\"200\" src=\"https:\/\/grupoitaka.com\/wp-content\/uploads\/2023\/07\/post-3-2-300x200.jpg\" class=\"attachment-medium size-medium wp-image-2753\" alt=\"\" srcset=\"https:\/\/grupoitaka.com\/wp-content\/uploads\/2023\/07\/post-3-2-300x200.jpg 300w, https:\/\/grupoitaka.com\/wp-content\/uploads\/2023\/07\/post-3-2-1024x682.jpg 1024w, https:\/\/grupoitaka.com\/wp-content\/uploads\/2023\/07\/post-3-2-768x512.jpg 768w, https:\/\/grupoitaka.com\/wp-content\/uploads\/2023\/07\/post-3-2.jpg 1280w\" sizes=\"(max-width: 300px) 100vw, 300px\" \/><\/div><\/a>\n\t\t\t\t<div class=\"elementor-post__text\">\n\t\t\t\t<h3 class=\"elementor-post__title\">\n\t\t\t<a href=\"https:\/\/grupoitaka.com\/en\/padua-la-vecina-desconocida\/\" >\n\t\t\t\tPADUA: THE NEIGHBOURING UNKNOWN\t\t\t<\/a>\n\t\t<\/h3>\n\t\t\t\t<div class=\"elementor-post__excerpt\">\n\t\t\t<p>A media hora de Venecia nos encontramos con la hermosa ciudad de Padua, la m\u00e1s antigua del Norte de Italia, famosa por su universidad y por la impresionante Bas\u00edlica de San Antonio de Padua. La ciudad nos ofrece una gran oferta cultural, gastron\u00f3mica y de ocio. Merece la pena una<\/p>\n\t\t<\/div>\n\t\t\n\t\t<a class=\"elementor-post__read-more\" href=\"https:\/\/grupoitaka.com\/en\/padua-la-vecina-desconocida\/\" aria-label=\"Read more about PADUA: LA VECINA DESCONOCIDA\" tabindex=\"-1\" >\n\t\t\tLeer m\u00e1s \u00bb\t\t<\/a>\n\n\t\t\t\t<\/div>\n\t\t\t\t<div class=\"elementor-post__meta-data\">\n\t\t\t\t\t<span class=\"elementor-post-date\">\n\t\t\tJuly 31, 2023\t\t<\/span>\n\t\t\t\t<\/div>\n\t\t\t\t\t<\/div>\n\t\t<\/article>\n\t\t\t\t<article class=\"elementor-post elementor-grid-item post-2748 post type-post status-publish format-standard has-post-thumbnail hentry category-publi-blog\" role=\"listitem\">\n\t\t\t<div class=\"elementor-post__card\">\n\t\t\t\t<a class=\"elementor-post__thumbnail__link\" href=\"https:\/\/grupoitaka.com\/en\/la-juderia-de-venecia-el-ghetto-mas-antiguo-del-mundo\/\" tabindex=\"-1\" ><div class=\"elementor-post__thumbnail\"><img loading=\"lazy\" decoding=\"async\" width=\"240\" height=\"300\" src=\"https:\/\/grupoitaka.com\/wp-content\/uploads\/2023\/07\/post-2-3-240x300.jpg\" class=\"attachment-medium size-medium wp-image-2749\" alt=\"\" srcset=\"https:\/\/grupoitaka.com\/wp-content\/uploads\/2023\/07\/post-2-3-240x300.jpg 240w, https:\/\/grupoitaka.com\/wp-content\/uploads\/2023\/07\/post-2-3-819x1024.jpg 819w, https:\/\/grupoitaka.com\/wp-content\/uploads\/2023\/07\/post-2-3-768x960.jpg 768w, https:\/\/grupoitaka.com\/wp-content\/uploads\/2023\/07\/post-2-3-1229x1536.jpg 1229w, https:\/\/grupoitaka.com\/wp-content\/uploads\/2023\/07\/post-2-3.jpg 1440w\" sizes=\"(max-width: 240px) 100vw, 240px\" \/><\/div><\/a>\n\t\t\t\t<div class=\"elementor-post__text\">\n\t\t\t\t<h3 class=\"elementor-post__title\">\n\t\t\t<a href=\"https:\/\/grupoitaka.com\/en\/la-juderia-de-venecia-el-ghetto-mas-antiguo-del-mundo\/\" >\n\t\t\t\tTHE JEWISH QUARTER OF VENICE: THE &#034;GHETTO&#034; OF THE WORLD&#039;S OLDEST\t\t\t<\/a>\n\t\t<\/h3>\n\t\t\t\t<div class=\"elementor-post__excerpt\">\n\t\t\t<p>Durante m\u00e1s de 500 a\u00f1os, las calles de la Juder\u00eda han acogido a una comunidad hebrea que todav\u00eda persiste en el mismo barrio. Sus cinco sinagogas, el Museo Ebr\u00e1ico, las placas que recuerdan a personajes ilustres o hechos hist\u00f3ricos se mezclan con restaurantes de comida Kosher, librer\u00edas de tem\u00e1tica jud\u00eda<\/p>\n\t\t<\/div>\n\t\t\n\t\t<a class=\"elementor-post__read-more\" href=\"https:\/\/grupoitaka.com\/en\/la-juderia-de-venecia-el-ghetto-mas-antiguo-del-mundo\/\" aria-label=\"Read more about LA JUDER\u00cdA DE VENECIA: EL \u00abGHETTO\u00bb M\u00c1S ANTIGUO DEL MUNDO\" tabindex=\"-1\" >\n\t\t\tLeer m\u00e1s \u00bb\t\t<\/a>\n\n\t\t\t\t<\/div>\n\t\t\t\t<div class=\"elementor-post__meta-data\">\n\t\t\t\t\t<span class=\"elementor-post-date\">\n\t\t\tJuly 31, 2023\t\t<\/span>\n\t\t\t\t<\/div>\n\t\t\t\t\t<\/div>\n\t\t<\/article>\n\t\t\t\t<article class=\"elementor-post elementor-grid-item post-2732 post type-post status-publish format-standard has-post-thumbnail hentry category-publi-blog\" role=\"listitem\">\n\t\t\t<div class=\"elementor-post__card\">\n\t\t\t\t<a class=\"elementor-post__thumbnail__link\" href=\"https:\/\/grupoitaka.com\/en\/el-carnaval-de-venecia-el-mas-bello-del-mundo\/\" tabindex=\"-1\" ><div class=\"elementor-post__thumbnail\"><img loading=\"lazy\" decoding=\"async\" width=\"300\" height=\"221\" src=\"https:\/\/grupoitaka.com\/wp-content\/uploads\/2023\/07\/post-1-5-300x221.jpg\" class=\"attachment-medium size-medium wp-image-2733\" alt=\"\" srcset=\"https:\/\/grupoitaka.com\/wp-content\/uploads\/2023\/07\/post-1-5-300x221.jpg 300w, https:\/\/grupoitaka.com\/wp-content\/uploads\/2023\/07\/post-1-5-1024x754.jpg 1024w, https:\/\/grupoitaka.com\/wp-content\/uploads\/2023\/07\/post-1-5-768x565.jpg 768w, https:\/\/grupoitaka.com\/wp-content\/uploads\/2023\/07\/post-1-5.jpg 1087w\" sizes=\"(max-width: 300px) 100vw, 300px\" \/><\/div><\/a>\n\t\t\t\t<div class=\"elementor-post__text\">\n\t\t\t\t<h3 class=\"elementor-post__title\">\n\t\t\t<a href=\"https:\/\/grupoitaka.com\/en\/el-carnaval-de-venecia-el-mas-bello-del-mundo\/\" >\n\t\t\t\tCARNIVAL OF VENICE: THE MOST BEAUTIFUL IN THE WORLD\t\t\t<\/a>\n\t\t<\/h3>\n\t\t\t\t<div class=\"elementor-post__excerpt\">\n\t\t\t<p>El Carnaval de Venecia es una fiesta que, por primera vez en la historia, no tiene un car\u00e1cter religioso sino que lo que se celebra son los pecados de la carne. Una tradici\u00f3n relacionada con el sexo que viajar\u00e1 desde Venecia al resto del planeta. Son muchos los lugares que<\/p>\n\t\t<\/div>\n\t\t\n\t\t<a class=\"elementor-post__read-more\" href=\"https:\/\/grupoitaka.com\/en\/el-carnaval-de-venecia-el-mas-bello-del-mundo\/\" aria-label=\"Read more about EL CARNAVAL DE VENECIA: EL M\u00c1S BELLO DEL MUNDO\" tabindex=\"-1\" >\n\t\t\tLeer m\u00e1s \u00bb\t\t<\/a>\n\n\t\t\t\t<\/div>\n\t\t\t\t<div class=\"elementor-post__meta-data\">\n\t\t\t\t\t<span class=\"elementor-post-date\">\n\t\t\tJuly 31, 2023\t\t<\/span>\n\t\t\t\t<\/div>\n\t\t\t\t\t<\/div>\n\t\t<\/article>\n\t\t\t\t<\/div>\n\t\t\n\t\t\t\t\t\t<\/div>\n\t\t\t\t<\/div>\n\t\t\t\t\t<\/div>\n\t\t\t\t<\/div>\n\t\t\t\t<\/div>","protected":false},"excerpt":{"rendered":"<p>Blog<\/p>","protected":false},"author":2,"featured_media":0,"parent":0,"menu_order":0,"comment_status":"closed","ping_status":"closed","template":"elementor_header_footer","meta":{"footnotes":""},"class_list":["post-3026","page","type-page","status-publish","hentry"],"_links":{"self":[{"href":"https:\/\/grupoitaka.com\/en\/wp-json\/wp\/v2\/pages\/3026","targetHints":{"allow":["GET"]}}],"collection":[{"href":"https:\/\/grupoitaka.com\/en\/wp-json\/wp\/v2\/pages"}],"about":[{"href":"https:\/\/grupoitaka.com\/en\/wp-json\/wp\/v2\/types\/page"}],"author":[{"embeddable":true,"href":"https:\/\/grupoitaka.com\/en\/wp-json\/wp\/v2\/users\/2"}],"replies":[{"embeddable":true,"href":"https:\/\/grupoitaka.com\/en\/wp-json\/wp\/v2\/comments?post=3026"}],"version-history":[{"count":33,"href":"https:\/\/grupoitaka.com\/en\/wp-json\/wp\/v2\/pages\/3026\/revisions"}],"predecessor-version":[{"id":3060,"href":"https:\/\/grupoitaka.com\/en\/wp-json\/wp\/v2\/pages\/3026\/revisions\/3060"}],"wp:attachment":[{"href":"https:\/\/grupoitaka.com\/en\/wp-json\/wp\/v2\/media?parent=3026"}],"curies":[{"name":"wp","href":"https:\/\/api.w.org\/{rel}","templated":true}]}}