{"id":3374,"date":"2024-06-01T16:53:52","date_gmt":"2024-06-01T16:53:52","guid":{"rendered":"https:\/\/grupoitaka.com\/?page_id=3374"},"modified":"2025-03-09T21:47:46","modified_gmt":"2025-03-09T21:47:46","slug":"recomendaciones-especiales-venecia","status":"publish","type":"page","link":"https:\/\/grupoitaka.com\/en\/venecia\/recomendaciones-especiales-venecia\/","title":{"rendered":"Recomendaciones Especiales Venecia"},"content":{"rendered":"<div data-elementor-type=\"wp-page\" data-elementor-id=\"3374\" class=\"elementor elementor-3374\" data-elementor-post-type=\"page\">\n\t\t\t\t<div class=\"elementor-element elementor-element-51955eb elementor-hidden-tablet elementor-hidden-mobile e-con-full e-flex e-con e-parent\" data-id=\"51955eb\" data-element_type=\"container\" data-e-type=\"container\" data-settings=\"{&quot;background_background&quot;:&quot;classic&quot;}\">\n\t\t\t\t<div class=\"elementor-element elementor-element-bf2e9b9 elementor-widget elementor-widget-heading\" data-id=\"bf2e9b9\" data-element_type=\"widget\" data-e-type=\"widget\" data-widget_type=\"heading.default\">\n\t\t\t\t<div class=\"elementor-widget-container\">\n\t\t\t\t\t<h2 class=\"elementor-heading-title elementor-size-default\">RECOMENDACIONES ESPECIALES EN VENECIA\u200b<\/h2>\t\t\t\t<\/div>\n\t\t\t\t<\/div>\n\t\t<div class=\"elementor-element elementor-element-ea0c4fb e-flex e-con-boxed e-con e-child\" data-id=\"ea0c4fb\" data-element_type=\"container\" data-e-type=\"container\">\n\t\t\t\t\t<div class=\"e-con-inner\">\n\t\t<div class=\"elementor-element elementor-element-c35cfb4 e-con-full e-flex e-con e-child\" data-id=\"c35cfb4\" data-element_type=\"container\" data-e-type=\"container\">\n\t\t\t\t<div class=\"elementor-element elementor-element-4559bec elementor-view-default elementor-widget elementor-widget-icon\" data-id=\"4559bec\" data-element_type=\"widget\" data-e-type=\"widget\" data-widget_type=\"icon.default\">\n\t\t\t\t<div class=\"elementor-widget-container\">\n\t\t\t\t\t\t\t<div class=\"elementor-icon-wrapper\">\n\t\t\t<a class=\"elementor-icon\" href=\"https:\/\/grupoitaka.com\/en\/venecia\/\">\n\t\t\t<i aria-hidden=\"true\" class=\"fas fa-arrow-left\"><\/i>\t\t\t<\/a>\n\t\t<\/div>\n\t\t\t\t\t\t<\/div>\n\t\t\t\t<\/div>\n\t\t\t\t<div class=\"elementor-element elementor-element-98731d2 elementor-widget elementor-widget-heading\" data-id=\"98731d2\" data-element_type=\"widget\" data-e-type=\"widget\" data-widget_type=\"heading.default\">\n\t\t\t\t<div class=\"elementor-widget-container\">\n\t\t\t\t\t<h2 class=\"elementor-heading-title elementor-size-default\"><a href=\"https:\/\/grupoitaka.com\/en\/venecia\/\">Venecia<\/a><\/h2>\t\t\t\t<\/div>\n\t\t\t\t<\/div>\n\t\t\t\t<\/div>\n\t\t\t\t\t<\/div>\n\t\t\t\t<\/div>\n\t\t\t\t<\/div>\n\t\t<div class=\"elementor-element elementor-element-1e8048c elementor-hidden-desktop e-flex e-con-boxed e-con e-parent\" data-id=\"1e8048c\" data-element_type=\"container\" data-e-type=\"container\" data-settings=\"{&quot;background_background&quot;:&quot;classic&quot;}\">\n\t\t\t\t\t<div class=\"e-con-inner\">\n\t\t\t\t<div class=\"elementor-element elementor-element-372777c elementor-widget elementor-widget-heading\" data-id=\"372777c\" data-element_type=\"widget\" data-e-type=\"widget\" data-widget_type=\"heading.default\">\n\t\t\t\t<div class=\"elementor-widget-container\">\n\t\t\t\t\t<h2 class=\"elementor-heading-title elementor-size-default\">RECOMENDACIONES ESPECIALES <br>EN VENECIA\u200b<\/h2>\t\t\t\t<\/div>\n\t\t\t\t<\/div>\n\t\t<div class=\"elementor-element elementor-element-b645913 e-flex e-con-boxed e-con e-child\" data-id=\"b645913\" data-element_type=\"container\" data-e-type=\"container\">\n\t\t\t\t\t<div class=\"e-con-inner\">\n\t\t\t\t<div class=\"elementor-element elementor-element-be0ed47 elementor-view-default elementor-widget elementor-widget-icon\" data-id=\"be0ed47\" data-element_type=\"widget\" data-e-type=\"widget\" data-widget_type=\"icon.default\">\n\t\t\t\t<div class=\"elementor-widget-container\">\n\t\t\t\t\t\t\t<div class=\"elementor-icon-wrapper\">\n\t\t\t<a class=\"elementor-icon\" href=\"https:\/\/grupoitaka.com\/en\/venecia\/\">\n\t\t\t<i aria-hidden=\"true\" class=\"fas fa-arrow-left\"><\/i>\t\t\t<\/a>\n\t\t<\/div>\n\t\t\t\t\t\t<\/div>\n\t\t\t\t<\/div>\n\t\t\t\t<div class=\"elementor-element elementor-element-f1fb81f elementor-widget elementor-widget-heading\" data-id=\"f1fb81f\" data-element_type=\"widget\" data-e-type=\"widget\" data-widget_type=\"heading.default\">\n\t\t\t\t<div class=\"elementor-widget-container\">\n\t\t\t\t\t<h2 class=\"elementor-heading-title elementor-size-default\"><a href=\"https:\/\/grupoitaka.com\/en\/venecia\/\">Venecia<\/a><\/h2>\t\t\t\t<\/div>\n\t\t\t\t<\/div>\n\t\t\t\t\t<\/div>\n\t\t\t\t<\/div>\n\t\t\t\t\t<\/div>\n\t\t\t\t<\/div>\n\t\t<div class=\"elementor-element elementor-element-fd65a3f e-flex e-con-boxed e-con e-parent\" data-id=\"fd65a3f\" data-element_type=\"container\" data-e-type=\"container\">\n\t\t\t\t\t<div class=\"e-con-inner\">\n\t\t<div class=\"elementor-element elementor-element-2a689c2 e-flex e-con-boxed e-con e-child\" data-id=\"2a689c2\" data-element_type=\"container\" data-e-type=\"container\">\n\t\t\t\t\t<div class=\"e-con-inner\">\n\t\t\t\t<div class=\"elementor-element elementor-element-b7cc4d2 elementor-widget elementor-widget-text-editor\" data-id=\"b7cc4d2\" data-element_type=\"widget\" data-e-type=\"widget\" data-widget_type=\"text-editor.default\">\n\t\t\t\t<div class=\"elementor-widget-container\">\n\t\t\t\t\t\t\t\t\t<h5>A continuaci\u00f3n te dejamos algunos consejos que te servir\u00e1n de ayuda en tu estancia en Venecia:<\/h5><ul><li><span style=\"text-decoration: underline;\"><strong>Tarifa de Acceso a Venecia<\/strong><\/span>: En algunas temporadas del a\u00f1o, el Ayuntamiento de Venecia ha decidido cobrar una tasa de acceso a los turistas que llegan a la ciudad. Esta tasa corresponde con la tasa tur\u00edstica que ya se ven\u00eda cobrando en los hoteles venecianos desde hace a\u00f1os. La intenci\u00f3n de esta nueva tasa es cobrar a los turistas que llegan a Venecia pero no pernoctan aqu\u00ed, y por tanto no pagan la tasa en el hotel. Para que el ayuntamiento pueda controlar que se ha realizado el pago, es necesario llevar, en el m\u00f3vil o impreso, un <strong>c\u00f3digo QR<\/strong> que nos podr\u00e1n pedir a la entrada de la ciudad o en alg\u00fan punto de la misma, de forma aleatoria. Seguidamente facilitamos la p\u00e1gina web donde pod\u00e9is realizar el pago y descargar el c\u00f3digo QR, en el caso de pernoctar en un hotel no tendremos que realizar el pago, pero si necesitamos tener el c\u00f3digo QR. Aqu\u00ed pod\u00e9is conseguir el c\u00f3digo: <a href=\"https:\/\/cda.ve.it\/it\/\" target=\"_blank\" rel=\"noopener\">https:\/\/cda.ve.it\/it\/<\/a><\/li><li><span style=\"text-decoration: underline;\"><strong>Google Maps<\/strong><\/span>: Venecia es una ciudad que, adem\u00e1s de estar repleta de canales, es bastante laber\u00edntica y es muy f\u00e1cil perderse. Al encontrarnos en una isla, Google Maps no funciona igual de bien que en otros lugares y esto hace m\u00e1s complicado a\u00fan ubicarnos en Venecia. Os vamos a dar un par de consejos referentes a Google Maps para que os sea m\u00e1s f\u00e1cil moveros por la ciudad:<ol><li><strong>Quitar la opci\u00f3n de Ferry<\/strong>. Para ello entramos en Google Maps, a\u00f1adimos la direcci\u00f3n a la que queremos ir, pulsamos la opci\u00f3n de hacerlo a pie y posteriormente clicamos en los tres puntitos que hay arriba a la derecha, despu\u00e9s pulsamos en Opciones y por \u00faltimo tendremos que dar a la opci\u00f3n de Evitar Ferris. Esto es necesario hacerlo ya que de lo contrario Google Maps nos dise\u00f1ar\u00e1 una ruta en la que tendremos que cruzar el Gran Canal o alg\u00fan canal secundario, y por tanto tener que pagar un vaporetto u otra embarcaci\u00f3n, perder\u00edamos tiempo y dinero. Con la opci\u00f3n de Evitar Ferris, Google Maps nos conducir\u00e1 por los puentes hasta nuestro destino, siendo esta forma gratis y m\u00e1s r\u00e1pida. Hay que tener en cuenta que Venecia es completamente accesible a pie y no es necesario utilizar vaporettos para moverse por la ciudad, los cuales adem\u00e1s de ser caros har\u00e1n que nuestro trayecto sea m\u00e1s lento.<\/li><li>Tambi\u00e9n recomendamos que cuando se haya a\u00f1adido el lugar a donde queremos ir y Google Maps haya dise\u00f1ado la ruta, no le demos a Iniciar, sino que vayamos siguiendo el camino marcado. Si pulsamos el bot\u00f3n de iniciar habr\u00e1 momentos en que Google pierda la conexi\u00f3n y no tengamos la forma de seguir en ninguna direcci\u00f3n.<\/li><\/ol><\/li><li><span style=\"text-decoration: underline;\"><strong>C\u00f3mo llegar al Aeropuerto<\/strong><\/span>: Venecia cuenta con dos aeropuertos, el m\u00e1s cercano y el que m\u00e1s tr\u00e1fico tiene es el Aeropuerto de <strong>Marco Polo<\/strong>. A este podemos acceder de varias formas que detallamos a continuaci\u00f3n:<ul><li><strong>Autob\u00fas<\/strong>: es la forma m\u00e1s r\u00e1pida y barata. Los autobuses salen de <strong>Piazzalle Roma<\/strong> (\u00fanico lugar de Venecia donde se permite el tr\u00e1fico rodado). En el centro de la plaza encontraremos los autobuses de la empresa <strong>ATVO<\/strong>, estos tardan 20 minutos aproximadamente en llegar al aeropuerto y tienen un coste de 10\u20ac la ida, 18\u20ac ida y vuelta; tambi\u00e9n llegan al aeropuerto los autobuses p\u00fablicos (<strong>ACTV<\/strong>), concretamente el n\u00famero 5, este tambi\u00e9n tiene un coste de 10\u20ac pero puede llegar a tardar una hora debido a que realiza varias paradas. Nuestro consejo es llegar a trav\u00e9s de los autobuses de <strong>ATVO<\/strong> salvo que hayamos adquirido un billete de vaporetto, en este caso el autob\u00fas 5 ser\u00eda gratuito siempre que nuestro trayecto se realice dentro del periodo contratado en el vaporetto. Los billetes para ambos autobuses pueden adquirirse en la misma Piazzalle Roma, los de <strong>ATVO<\/strong> en la agencia de viajes que est\u00e1 junto al parking y que reconocer\u00e9is por el nombre (<strong>ATVO<\/strong>) y los de <strong>ACTV<\/strong> en las taquillas ordinarias que est\u00e1n junto al Puente de la Constituci\u00f3n. Si salimos desde Mestre ser\u00edan las mismas instrucciones, en este caso las paradas de los autobuses est\u00e1n junto a la estaci\u00f3n de Tren de Mestre.<\/li><li><strong> Taxi<\/strong>: los taxis tambi\u00e9n hay que tomarlos en Piazzalle Roma y tienen una tarifa plana de 35\u20ac desde Venecia o Mestre hasta Marco Polo, igualmente ser\u00edan 20 minutos de duraci\u00f3n y en el caso de ser 4 personas nos saldr\u00eda m\u00e1s barato que el autob\u00fas.<\/li><li><strong>Vaporetto<\/strong>: es la opci\u00f3n m\u00e1s cara, lenta y menos recomendables. Hay una empresa de vaporettos llamada <strong>Allilaguna<\/strong>, que realiza trayectos al aeropuerto desde varios puntos de la ciudad: Plaza de San Marcos, Puente de Rialto, Fondamente Nove&#8230; a un precio de 15\u20ac por persona, el trayecto se puede alargar a mas de una hora y hay que tener en cuenta que el embarcadero del aeropuerto se encuentra a unos 15 minutos a pie del mismo. En el caso de que nuestro destino sea el <strong>Aeropuerto de Treviso<\/strong>, la opci\u00f3n m\u00e1s recomendable ser\u00edan los autobuses de ATVO, salen tambi\u00e9n de Piazzalle Roma, tienen un coste de 12\u20ac y tardan 1 hora aproximadamente. Podemos llegar tambi\u00e9n en taxi, pero en este caso no hay tarifa plana y nos puede llegar a costar 65\/70\u20ac. Importante tener en cuenta que los autobuses comienzan a las 5:20 de la ma\u00f1ana y hay bastante frecuencia.<\/li><\/ul><\/li><li><span style=\"text-decoration: underline;\"><strong>Horarios Restauraci\u00f3n<\/strong><\/span>: Los horarios en Venecia son muy distintos a Espa\u00f1a o Am\u00e9rica y m\u00e1s parecidos al resto de Europa. Para la comida del mediod\u00eda lo recomendable es comer no m\u00e1s tarde de la 13:00\/13:30 y para la cena 20:30\/21:00. A las 14:00 o a las 21:30 podemos encontrarnos las cocinas cerradas con facilidad.<\/li><li><span style=\"text-decoration: underline;\"><strong>Ba\u00f1os P\u00fablicos<\/strong><\/span>: Venecia cuenta con varios ba\u00f1os p\u00fablicos repartidos por toda la ciudad, tienen un coste de 1,50\u20ac. A continuaci\u00f3n os dejamos la web donde pod\u00e9is localizarlos: <a href=\"https:\/\/www.comune.venezia.it\/it\/content\/igiene-urbana\" target=\"_blank\" rel=\"noopener\">https:\/\/www.comune.venezia.it<br \/>\/it\/content\/igiene-urbana<\/a>.<\/li><li><span style=\"text-decoration: underline;\"><strong>Consignas de Equipaje (Lockers)<\/strong><\/span>: A continuaci\u00f3n dejamos una web con los dep\u00f3sitos de equipajes que pod\u00e9is encontrar en Venecia: <a href=\"https:\/\/radicalstorage.com\/it\/storage-list\/venezia?ac=532&amp;subac=c:gad-to:it-ct:cy-lt:ml&amp;gad_source=1&amp;gclid=CjwKCAjwjeuyBhBuEiwAJ3vuof_XQwBn_vXH7BY-VEZ1lx5I3viorhVaDX2Kc_tw1Pr2JvW7pdLOLRoCZTQQAvD_BwE&amp;gclsrc=aw.ds\" target=\"_blank\" rel=\"noopener\">https:\/\/radicalstorage.com<\/a><\/li><li><span style=\"text-decoration: underline;\"><strong>Vaporettos<\/strong><\/span>: El vaporetto es el transporte m\u00e1s utilizado en Venecia, aunque no es necesario utilizarlo para movernos por la ciudad, si queremos ir a Murano, Burano o simplemente hacer un recorrido por el Gran Canal en barco necesitamos conseguir un billete de vaporetto. A continuaci\u00f3n os dejamos varios consejos con respecto al vaporetto:<ul><li>Los billetes no van por paradas sino por tiempo. No hay un billete para Murano, otro para el Gran Canal, otro para Burano\u2026 sino que tenemos que elegir el tiempo en el que vamos a usar el vaporetto y en funci\u00f3n de ese tiempo tendr\u00e1 un coste distinto. Las opciones que tenemos son las siguientes: billete sencillo (9,50\u20ac) duraci\u00f3n de 75 minutos; billete 24 horas (25\u20ac); billete de 48 horas (35\u20ac); billete de 72 horas (45\u20ac). Si por ejemplo compramos un billete de 24 horas, este se activar\u00e1 en nuestro primer vieja en vaporetto cuando lo validemos en las m\u00e1quinas que est\u00e1n en los embarcaderos, a partir de ese momento empezar\u00edan a contar las 24 horas, si lo hemos validado a las 16:00 no caducar\u00e1 hasta las 16:00 del d\u00eda siguiente y en esas 24 horas podemos subir y bajar de todos los vaporettos que queramos (menos el que va al aeropuerto).<\/li><li>El billete lo podemos comprar en todos los estancos y en las taquillas y m\u00e1quinas expendedoras de los embarcaderos m\u00e1s importantes como Rialto, San Marcos o \u00e1 Estaci\u00f3n de Tren. Tambi\u00e9n se puede adquirir de forma digital pero esto no es recomendable ya que despu\u00e9s hay que canjearlo en un taquilla, siempre es mejor comprarlo all\u00ed f\u00edsicamente.<\/li><li>Para tener una informaci\u00f3n m\u00e1s detallada sobre los vaporettos os dejamos la p\u00e1gina web de ACTV: <a href=\"https:\/\/actv.avmspa.it\/en\" target=\"_blank\" rel=\"noopener\">https:\/\/actv.avmspa.it\/en.<\/a><\/li><\/ul><\/li><li><span style=\"text-decoration: underline;\"><strong>Completa tu visita a Venecia con nuestros Tours:<\/strong><\/span> Te dejamos a continuaci\u00f3n algunas de nuestras actividades para que le saques el mayor partido a Venecia aqu\u00ed <a href=\"https:\/\/grupoitaka.com\/en\/venecia\/\">Tour Venecia<\/a><\/li><\/ul>\t\t\t\t\t\t\t\t<\/div>\n\t\t\t\t<\/div>\n\t\t\t\t\t<\/div>\n\t\t\t\t<\/div>\n\t\t\t\t\t<\/div>\n\t\t\t\t<\/div>\n\t\t\t\t<\/div>","protected":false},"excerpt":{"rendered":"<p>RECOMENDACIONES ESPECIALES EN VENECIA\u200b Venecia RECOMENDACIONES ESPECIALES EN VENECIA\u200b Venecia A continuaci\u00f3n te dejamos algunos consejos que te servir\u00e1n de ayuda en tu estancia en Venecia: Tarifa de Acceso a Venecia: En algunas temporadas del a\u00f1o, el Ayuntamiento de Venecia ha decidido cobrar una tasa de acceso a los turistas que llegan a la ciudad. [&hellip;]<\/p>\n","protected":false},"author":2,"featured_media":0,"parent":44,"menu_order":0,"comment_status":"closed","ping_status":"closed","template":"elementor_header_footer","meta":{"footnotes":""},"class_list":["post-3374","page","type-page","status-publish","hentry"],"_links":{"self":[{"href":"https:\/\/grupoitaka.com\/en\/wp-json\/wp\/v2\/pages\/3374","targetHints":{"allow":["GET"]}}],"collection":[{"href":"https:\/\/grupoitaka.com\/en\/wp-json\/wp\/v2\/pages"}],"about":[{"href":"https:\/\/grupoitaka.com\/en\/wp-json\/wp\/v2\/types\/page"}],"author":[{"embeddable":true,"href":"https:\/\/grupoitaka.com\/en\/wp-json\/wp\/v2\/users\/2"}],"replies":[{"embeddable":true,"href":"https:\/\/grupoitaka.com\/en\/wp-json\/wp\/v2\/comments?post=3374"}],"version-history":[{"count":70,"href":"https:\/\/grupoitaka.com\/en\/wp-json\/wp\/v2\/pages\/3374\/revisions"}],"predecessor-version":[{"id":3756,"href":"https:\/\/grupoitaka.com\/en\/wp-json\/wp\/v2\/pages\/3374\/revisions\/3756"}],"up":[{"embeddable":true,"href":"https:\/\/grupoitaka.com\/en\/wp-json\/wp\/v2\/pages\/44"}],"wp:attachment":[{"href":"https:\/\/grupoitaka.com\/en\/wp-json\/wp\/v2\/media?parent=3374"}],"curies":[{"name":"wp","href":"https:\/\/api.w.org\/{rel}","templated":true}]}}